{"id":18349,"date":"2025-05-22T10:50:36","date_gmt":"2025-05-22T14:50:36","guid":{"rendered":"https:\/\/tervene.com\/ressources\/solution-overview-2\/"},"modified":"2026-03-12T11:21:59","modified_gmt":"2026-03-12T15:21:59","slug":"brochure","status":"publish","type":"page","link":"https:\/\/tervene.com\/fr-fr\/ressources\/brochure\/","title":{"rendered":"Brochure Tervene &#8211; Ressources"},"content":{"rendered":"","protected":false},"excerpt":{"rendered":"","protected":false},"author":22,"featured_media":17706,"parent":6861,"menu_order":0,"comment_status":"closed","ping_status":"closed","template":"builder-evolved.php","meta":{"_acf_changed":false,"content-type":"","footnotes":""},"class_list":["post-18349","page","type-page","status-publish","has-post-thumbnail","hentry"],"acf":[],"yoast_head":"<!-- This site is optimized with the Yoast SEO plugin v27.3 - https:\/\/yoast.com\/product\/yoast-seo-wordpress\/ -->\n<title>Intro \u00e0 Tervene [PDF]<\/title>\n<meta name=\"description\" content=\"T\u00e9l\u00e9chargez un aper\u00e7u concis de Tervene. D\u00e9couvrez pourquoi c\u2019est le logiciel pour la standardisation et le management de la performance.\" \/>\n<meta name=\"robots\" content=\"index, follow, max-snippet:-1, max-image-preview:large, max-video-preview:-1\" \/>\n<link rel=\"canonical\" href=\"https:\/\/tervene.com\/fr-fr\/ressources\/brochure\/\" \/>\n<meta property=\"og:locale\" content=\"fr_FR\" \/>\n<meta property=\"og:type\" content=\"article\" \/>\n<meta property=\"og:title\" content=\"Tervene&#039;s Solution Overview \u2013 Empower Daily Operations Management\" \/>\n<meta property=\"og:description\" content=\"Discover how Tervene helps operational leaders structure daily management. Centralize audits, Gemba walks, meetings, and action plans to boost team performance and operational excellence.\" \/>\n<meta property=\"og:url\" content=\"https:\/\/tervene.com\/fr-fr\/ressources\/brochure\/\" \/>\n<meta property=\"og:site_name\" content=\"Tervene\" \/>\n<meta property=\"article:publisher\" content=\"https:\/\/www.facebook.com\/tervene\/\" \/>\n<meta property=\"article:modified_time\" content=\"2026-03-12T15:21:59+00:00\" \/>\n<meta property=\"og:image\" content=\"https:\/\/tervene.com\/wp-content\/uploads\/2025\/05\/Design-Carrousel-8.png\" \/>\n\t<meta property=\"og:image:width\" content=\"768\" \/>\n\t<meta property=\"og:image:height\" content=\"768\" \/>\n\t<meta property=\"og:image:type\" content=\"image\/png\" \/>\n<meta name=\"twitter:card\" content=\"summary_large_image\" \/>\n<meta name=\"twitter:site\" content=\"@terveneapp\" \/>\n<meta name=\"twitter:label1\" content=\"Dur\u00e9e de lecture estim\u00e9e\" \/>\n\t<meta name=\"twitter:data1\" content=\"1 minute\" \/>\n<script type=\"application\/ld+json\" class=\"yoast-schema-graph\">{\"@context\":\"https:\\\/\\\/schema.org\",\"@graph\":null}<\/script>\n<!-- \/ Yoast SEO plugin. -->","yoast_head_json":{"title":"Intro \u00e0 Tervene [PDF]","description":"T\u00e9l\u00e9chargez un aper\u00e7u concis de Tervene. D\u00e9couvrez pourquoi c\u2019est le logiciel pour la standardisation et le management de la performance.","robots":{"index":"index","follow":"follow","max-snippet":"max-snippet:-1","max-image-preview":"max-image-preview:large","max-video-preview":"max-video-preview:-1"},"canonical":"https:\/\/tervene.com\/fr-fr\/ressources\/brochure\/","og_locale":"fr_FR","og_type":"article","og_title":"Tervene's Solution Overview \u2013 Empower Daily Operations Management","og_description":"Discover how Tervene helps operational leaders structure daily management. Centralize audits, Gemba walks, meetings, and action plans to boost team performance and operational excellence.","og_url":"https:\/\/tervene.com\/fr-fr\/ressources\/brochure\/","og_site_name":"Tervene","article_publisher":"https:\/\/www.facebook.com\/tervene\/","article_modified_time":"2026-03-12T15:21:59+00:00","og_image":[{"width":768,"height":768,"url":"https:\/\/tervene.com\/wp-content\/uploads\/2025\/05\/Design-Carrousel-8.png","type":"image\/png"}],"twitter_card":"summary_large_image","twitter_site":"@terveneapp","twitter_misc":{"Dur\u00e9e de lecture estim\u00e9e":"1 minute"},"schema":{"@context":"https:\/\/schema.org","@graph":null}},"_links":{"self":[{"href":"https:\/\/tervene.com\/fr-fr\/wp-json\/wp\/v2\/pages\/18349","targetHints":{"allow":["GET"]}}],"collection":[{"href":"https:\/\/tervene.com\/fr-fr\/wp-json\/wp\/v2\/pages"}],"about":[{"href":"https:\/\/tervene.com\/fr-fr\/wp-json\/wp\/v2\/types\/page"}],"author":[{"embeddable":true,"href":"https:\/\/tervene.com\/fr-fr\/wp-json\/wp\/v2\/users\/22"}],"replies":[{"embeddable":true,"href":"https:\/\/tervene.com\/fr-fr\/wp-json\/wp\/v2\/comments?post=18349"}],"version-history":[{"count":2,"href":"https:\/\/tervene.com\/fr-fr\/wp-json\/wp\/v2\/pages\/18349\/revisions"}],"predecessor-version":[{"id":20770,"href":"https:\/\/tervene.com\/fr-fr\/wp-json\/wp\/v2\/pages\/18349\/revisions\/20770"}],"up":[{"embeddable":true,"href":"https:\/\/tervene.com\/fr-fr\/wp-json\/wp\/v2\/pages\/6861"}],"wp:featuredmedia":[{"embeddable":true,"href":"https:\/\/tervene.com\/fr-fr\/wp-json\/wp\/v2\/media\/17706"}],"wp:attachment":[{"href":"https:\/\/tervene.com\/fr-fr\/wp-json\/wp\/v2\/media?parent=18349"}],"curies":[{"name":"wp","href":"https:\/\/api.w.org\/{rel}","templated":true}]}}