{"id":19043,"date":"2025-11-14T14:51:50","date_gmt":"2025-11-14T19:51:50","guid":{"rendered":"https:\/\/tervene.com\/?page_id=19043"},"modified":"2025-11-25T12:27:30","modified_gmt":"2025-11-25T17:27:30","slug":"ebook-implementation-gemba-walk","status":"publish","type":"page","link":"https:\/\/tervene.com\/fr-fr\/ressources\/ebook-implementation-gemba-walk\/","title":{"rendered":"eBook Impl\u00e9mentation Gemba Walk &#8211; Ressources"},"content":{"rendered":"","protected":false},"excerpt":{"rendered":"","protected":false},"author":22,"featured_media":19052,"parent":6861,"menu_order":0,"comment_status":"closed","ping_status":"closed","template":"builder-evolved.php","meta":{"_acf_changed":false,"content-type":"","footnotes":""},"class_list":["post-19043","page","type-page","status-publish","has-post-thumbnail","hentry"],"acf":[],"yoast_head":"<!-- This site is optimized with the Yoast SEO plugin v27.3 - https:\/\/yoast.com\/product\/yoast-seo-wordpress\/ -->\n<title>Optimisez vos Gemba Walks avec notre guide pratique [PDF]<\/title>\n<meta name=\"description\" content=\"D\u00e9couvrez 12 \u00e9tapes concr\u00e8tes, des mod\u00e8les et des checklists pour mettre en place et am\u00e9liorer vos Gemba Walks et vos tourn\u00e9es de terrain.\" \/>\n<meta name=\"robots\" content=\"index, follow, max-snippet:-1, max-image-preview:large, max-video-preview:-1\" \/>\n<link rel=\"canonical\" href=\"https:\/\/tervene.com\/fr-fr\/ressources\/ebook-implementation-gemba-walk\/\" \/>\n<meta property=\"og:locale\" content=\"fr_FR\" \/>\n<meta property=\"og:type\" content=\"article\" \/>\n<meta property=\"og:title\" content=\"Optimisez vos Gemba Walks avec notre guide pratique [PDF]\" \/>\n<meta property=\"og:description\" content=\"D\u00e9couvrez 12 \u00e9tapes concr\u00e8tes, des mod\u00e8les et des checklists pour mettre en place et am\u00e9liorer vos Gemba Walks et vos tourn\u00e9es de terrain.\" \/>\n<meta property=\"og:url\" content=\"https:\/\/tervene.com\/fr-fr\/ressources\/ebook-implementation-gemba-walk\/\" \/>\n<meta property=\"og:site_name\" content=\"Tervene\" \/>\n<meta property=\"article:publisher\" content=\"https:\/\/www.facebook.com\/tervene\/\" \/>\n<meta property=\"article:modified_time\" content=\"2025-11-25T17:27:30+00:00\" \/>\n<meta property=\"og:image\" content=\"https:\/\/tervene.com\/wp-content\/uploads\/2025\/09\/ebook-gemba-fr_ca-1x1-1.png\" \/>\n\t<meta property=\"og:image:width\" content=\"768\" \/>\n\t<meta property=\"og:image:height\" content=\"768\" \/>\n\t<meta property=\"og:image:type\" content=\"image\/png\" \/>\n<meta name=\"twitter:card\" content=\"summary_large_image\" \/>\n<meta name=\"twitter:site\" content=\"@terveneapp\" \/>\n<meta name=\"twitter:label1\" content=\"Dur\u00e9e de lecture estim\u00e9e\" \/>\n\t<meta name=\"twitter:data1\" content=\"1 minute\" \/>\n<script type=\"application\/ld+json\" class=\"yoast-schema-graph\">{\"@context\":\"https:\\\/\\\/schema.org\",\"@graph\":null}<\/script>\n<!-- \/ Yoast SEO plugin. -->","yoast_head_json":{"title":"Optimisez vos Gemba Walks avec notre guide pratique [PDF]","description":"D\u00e9couvrez 12 \u00e9tapes concr\u00e8tes, des mod\u00e8les et des checklists pour mettre en place et am\u00e9liorer vos Gemba Walks et vos tourn\u00e9es de terrain.","robots":{"index":"index","follow":"follow","max-snippet":"max-snippet:-1","max-image-preview":"max-image-preview:large","max-video-preview":"max-video-preview:-1"},"canonical":"https:\/\/tervene.com\/fr-fr\/ressources\/ebook-implementation-gemba-walk\/","og_locale":"fr_FR","og_type":"article","og_title":"Optimisez vos Gemba Walks avec notre guide pratique [PDF]","og_description":"D\u00e9couvrez 12 \u00e9tapes concr\u00e8tes, des mod\u00e8les et des checklists pour mettre en place et am\u00e9liorer vos Gemba Walks et vos tourn\u00e9es de terrain.","og_url":"https:\/\/tervene.com\/fr-fr\/ressources\/ebook-implementation-gemba-walk\/","og_site_name":"Tervene","article_publisher":"https:\/\/www.facebook.com\/tervene\/","article_modified_time":"2025-11-25T17:27:30+00:00","og_image":[{"width":768,"height":768,"url":"https:\/\/tervene.com\/wp-content\/uploads\/2025\/09\/ebook-gemba-fr_ca-1x1-1.png","type":"image\/png"}],"twitter_card":"summary_large_image","twitter_site":"@terveneapp","twitter_misc":{"Dur\u00e9e de lecture estim\u00e9e":"1 minute"},"schema":{"@context":"https:\/\/schema.org","@graph":null}},"_links":{"self":[{"href":"https:\/\/tervene.com\/fr-fr\/wp-json\/wp\/v2\/pages\/19043","targetHints":{"allow":["GET"]}}],"collection":[{"href":"https:\/\/tervene.com\/fr-fr\/wp-json\/wp\/v2\/pages"}],"about":[{"href":"https:\/\/tervene.com\/fr-fr\/wp-json\/wp\/v2\/types\/page"}],"author":[{"embeddable":true,"href":"https:\/\/tervene.com\/fr-fr\/wp-json\/wp\/v2\/users\/22"}],"replies":[{"embeddable":true,"href":"https:\/\/tervene.com\/fr-fr\/wp-json\/wp\/v2\/comments?post=19043"}],"version-history":[{"count":0,"href":"https:\/\/tervene.com\/fr-fr\/wp-json\/wp\/v2\/pages\/19043\/revisions"}],"up":[{"embeddable":true,"href":"https:\/\/tervene.com\/fr-fr\/wp-json\/wp\/v2\/pages\/6861"}],"wp:featuredmedia":[{"embeddable":true,"href":"https:\/\/tervene.com\/fr-fr\/wp-json\/wp\/v2\/media\/19052"}],"wp:attachment":[{"href":"https:\/\/tervene.com\/fr-fr\/wp-json\/wp\/v2\/media?parent=19043"}],"curies":[{"name":"wp","href":"https:\/\/api.w.org\/{rel}","templated":true}]}}