{"id":20145,"date":"2026-02-12T17:05:47","date_gmt":"2026-02-12T22:05:47","guid":{"rendered":"https:\/\/tervene.com\/?page_id=20145"},"modified":"2026-02-13T09:13:23","modified_gmt":"2026-02-13T14:13:23","slug":"ebook-management-visuel-digital","status":"publish","type":"page","link":"https:\/\/tervene.com\/fr-fr\/ressources\/ebook-management-visuel-digital\/","title":{"rendered":"eBook Management visuel digital &#8211; Ressources"},"content":{"rendered":"","protected":false},"excerpt":{"rendered":"","protected":false},"author":16,"featured_media":20131,"parent":6861,"menu_order":0,"comment_status":"closed","ping_status":"closed","template":"builder-evolved.php","meta":{"_acf_changed":false,"content-type":"","footnotes":""},"class_list":["post-20145","page","type-page","status-publish","has-post-thumbnail","hentry"],"acf":[],"yoast_head":"<!-- This site is optimized with the Yoast SEO plugin v27.2 - https:\/\/yoast.com\/product\/yoast-seo-wordpress\/ -->\n<title>Pilotez l&#039;action avec notre guide Management Visuel Digital [PDF]<\/title>\n<meta name=\"description\" content=\"Passez du constat \u00e0 l&#039;action : transformez vos donn\u00e9es terrain en indicateurs SQCDP dynamiques et en plans d&#039;action.\" \/>\n<meta name=\"robots\" content=\"index, follow, max-snippet:-1, max-image-preview:large, max-video-preview:-1\" \/>\n<link rel=\"canonical\" href=\"https:\/\/tervene.com\/fr-fr\/ressources\/ebook-management-visuel-digital\/\" \/>\n<meta property=\"og:locale\" content=\"fr_FR\" \/>\n<meta property=\"og:type\" content=\"article\" \/>\n<meta property=\"og:title\" content=\"Optimisez vos Gemba Walks avec notre guide pratique [PDF]\" \/>\n<meta property=\"og:description\" content=\"D\u00e9couvrez 12 \u00e9tapes concr\u00e8tes, des mod\u00e8les et des checklists pour mettre en place et am\u00e9liorer vos Gemba Walks et vos tourn\u00e9es de terrain.\" \/>\n<meta property=\"og:url\" content=\"https:\/\/tervene.com\/fr-fr\/ressources\/ebook-management-visuel-digital\/\" \/>\n<meta property=\"og:site_name\" content=\"Tervene\" \/>\n<meta property=\"article:publisher\" content=\"https:\/\/www.facebook.com\/tervene\/\" \/>\n<meta property=\"article:modified_time\" content=\"2026-02-13T14:13:23+00:00\" \/>\n<meta property=\"og:image\" content=\"https:\/\/tervene.com\/wp-content\/uploads\/2025\/09\/ebook-gemba-fr_ca-1x1-1.png\" \/>\n\t<meta property=\"og:image:width\" content=\"768\" \/>\n\t<meta property=\"og:image:height\" content=\"768\" \/>\n\t<meta property=\"og:image:type\" content=\"image\/png\" \/>\n<meta name=\"twitter:card\" content=\"summary_large_image\" \/>\n<meta name=\"twitter:site\" content=\"@terveneapp\" \/>\n<meta name=\"twitter:label1\" content=\"Dur\u00e9e de lecture estim\u00e9e\" \/>\n\t<meta name=\"twitter:data1\" content=\"1 minute\" \/>\n<script type=\"application\/ld+json\" class=\"yoast-schema-graph\">{\"@context\":\"https:\/\/schema.org\",\"@graph\":null}<\/script>\n<!-- \/ Yoast SEO plugin. -->","yoast_head_json":{"title":"Pilotez l'action avec notre guide Management Visuel Digital [PDF]","description":"Passez du constat \u00e0 l'action : transformez vos donn\u00e9es terrain en indicateurs SQCDP dynamiques et en plans d'action.","robots":{"index":"index","follow":"follow","max-snippet":"max-snippet:-1","max-image-preview":"max-image-preview:large","max-video-preview":"max-video-preview:-1"},"canonical":"https:\/\/tervene.com\/fr-fr\/ressources\/ebook-management-visuel-digital\/","og_locale":"fr_FR","og_type":"article","og_title":"Optimisez vos Gemba Walks avec notre guide pratique [PDF]","og_description":"D\u00e9couvrez 12 \u00e9tapes concr\u00e8tes, des mod\u00e8les et des checklists pour mettre en place et am\u00e9liorer vos Gemba Walks et vos tourn\u00e9es de terrain.","og_url":"https:\/\/tervene.com\/fr-fr\/ressources\/ebook-management-visuel-digital\/","og_site_name":"Tervene","article_publisher":"https:\/\/www.facebook.com\/tervene\/","article_modified_time":"2026-02-13T14:13:23+00:00","og_image":[{"width":768,"height":768,"url":"https:\/\/tervene.com\/wp-content\/uploads\/2025\/09\/ebook-gemba-fr_ca-1x1-1.png","type":"image\/png"}],"twitter_card":"summary_large_image","twitter_site":"@terveneapp","twitter_misc":{"Dur\u00e9e de lecture estim\u00e9e":"1 minute"},"schema":{"@context":"https:\/\/schema.org","@graph":null}},"_links":{"self":[{"href":"https:\/\/tervene.com\/fr-fr\/wp-json\/wp\/v2\/pages\/20145","targetHints":{"allow":["GET"]}}],"collection":[{"href":"https:\/\/tervene.com\/fr-fr\/wp-json\/wp\/v2\/pages"}],"about":[{"href":"https:\/\/tervene.com\/fr-fr\/wp-json\/wp\/v2\/types\/page"}],"author":[{"embeddable":true,"href":"https:\/\/tervene.com\/fr-fr\/wp-json\/wp\/v2\/users\/16"}],"replies":[{"embeddable":true,"href":"https:\/\/tervene.com\/fr-fr\/wp-json\/wp\/v2\/comments?post=20145"}],"version-history":[{"count":4,"href":"https:\/\/tervene.com\/fr-fr\/wp-json\/wp\/v2\/pages\/20145\/revisions"}],"predecessor-version":[{"id":20171,"href":"https:\/\/tervene.com\/fr-fr\/wp-json\/wp\/v2\/pages\/20145\/revisions\/20171"}],"up":[{"embeddable":true,"href":"https:\/\/tervene.com\/fr-fr\/wp-json\/wp\/v2\/pages\/6861"}],"wp:featuredmedia":[{"embeddable":true,"href":"https:\/\/tervene.com\/fr-fr\/wp-json\/wp\/v2\/media\/20131"}],"wp:attachment":[{"href":"https:\/\/tervene.com\/fr-fr\/wp-json\/wp\/v2\/media?parent=20145"}],"curies":[{"name":"wp","href":"https:\/\/api.w.org\/{rel}","templated":true}]}}