{"id":20636,"date":"2026-04-15T10:55:02","date_gmt":"2026-04-15T14:55:02","guid":{"rendered":"https:\/\/tervene.com\/?page_id=20636"},"modified":"2026-04-15T10:55:04","modified_gmt":"2026-04-15T14:55:04","slug":"digitalisation-excellence-operationnelle","status":"publish","type":"page","link":"https:\/\/tervene.com\/fr-fr\/solution\/digitalisation-excellence-operationnelle\/","title":{"rendered":"Excellence Op\u00e9rationnelle (OpEx) 2.0"},"content":{"rendered":"","protected":false},"excerpt":{"rendered":"","protected":false},"author":20,"featured_media":21187,"parent":5915,"menu_order":0,"comment_status":"closed","ping_status":"closed","template":"builder-evolved.php","meta":{"_acf_changed":false,"content-type":"","footnotes":""},"class_list":["post-20636","page","type-page","status-publish","has-post-thumbnail","hentry"],"acf":[],"yoast_head":"<!-- This site is optimized with the Yoast SEO plugin v27.3 - https:\/\/yoast.com\/product\/yoast-seo-wordpress\/ -->\n<title>Digitalisez l\u2019Excellence Op\u00e9rationnelle | Logiciel Tervene<\/title>\n<meta name=\"description\" content=\"Garantissez le d\u00e9ploiement de votre Excellence Op\u00e9rationnelle sur l\u2019ensemble de vos sites. Pilotez votre d\u00e9marche OPEX avec le logiciel Tervene.\" \/>\n<meta name=\"robots\" content=\"index, follow, max-snippet:-1, max-image-preview:large, max-video-preview:-1\" \/>\n<link rel=\"canonical\" href=\"https:\/\/tervene.com\/fr-fr\/solution\/digitalisation-excellence-operationnelle\/\" \/>\n<meta property=\"og:locale\" content=\"fr_FR\" \/>\n<meta property=\"og:type\" content=\"article\" \/>\n<meta property=\"og:title\" content=\"Digitalisez l\u2019Excellence Op\u00e9rationnelle | Logiciel Tervene\" \/>\n<meta property=\"og:description\" content=\"Garantissez le d\u00e9ploiement de votre Excellence Op\u00e9rationnelle sur l\u2019ensemble de vos sites. Pilotez votre d\u00e9marche OPEX avec le logiciel Tervene.\" \/>\n<meta property=\"og:url\" content=\"https:\/\/tervene.com\/fr-fr\/solution\/digitalisation-excellence-operationnelle\/\" \/>\n<meta property=\"og:site_name\" content=\"Tervene\" \/>\n<meta property=\"article:publisher\" content=\"https:\/\/www.facebook.com\/tervene\/\" \/>\n<meta property=\"article:modified_time\" content=\"2026-04-15T14:55:04+00:00\" \/>\n<meta property=\"og:image\" content=\"https:\/\/tervene.com\/wp-content\/uploads\/2026\/04\/Featured-Image_Logiciel-OPEX-Tervene.png\" \/>\n\t<meta property=\"og:image:width\" content=\"1200\" \/>\n\t<meta property=\"og:image:height\" content=\"627\" \/>\n\t<meta property=\"og:image:type\" content=\"image\/png\" \/>\n<meta name=\"twitter:card\" content=\"summary_large_image\" \/>\n<meta name=\"twitter:site\" content=\"@terveneapp\" \/>\n<meta name=\"twitter:label1\" content=\"Dur\u00e9e de lecture estim\u00e9e\" \/>\n\t<meta name=\"twitter:data1\" content=\"1 minute\" \/>\n<script type=\"application\/ld+json\" class=\"yoast-schema-graph\">{\"@context\":\"https:\\\/\\\/schema.org\",\"@graph\":null}<\/script>\n<!-- \/ Yoast SEO plugin. -->","yoast_head_json":{"title":"Digitalisez l\u2019Excellence Op\u00e9rationnelle | Logiciel Tervene","description":"Garantissez le d\u00e9ploiement de votre Excellence Op\u00e9rationnelle sur l\u2019ensemble de vos sites. Pilotez votre d\u00e9marche OPEX avec le logiciel Tervene.","robots":{"index":"index","follow":"follow","max-snippet":"max-snippet:-1","max-image-preview":"max-image-preview:large","max-video-preview":"max-video-preview:-1"},"canonical":"https:\/\/tervene.com\/fr-fr\/solution\/digitalisation-excellence-operationnelle\/","og_locale":"fr_FR","og_type":"article","og_title":"Digitalisez l\u2019Excellence Op\u00e9rationnelle | Logiciel Tervene","og_description":"Garantissez le d\u00e9ploiement de votre Excellence Op\u00e9rationnelle sur l\u2019ensemble de vos sites. Pilotez votre d\u00e9marche OPEX avec le logiciel Tervene.","og_url":"https:\/\/tervene.com\/fr-fr\/solution\/digitalisation-excellence-operationnelle\/","og_site_name":"Tervene","article_publisher":"https:\/\/www.facebook.com\/tervene\/","article_modified_time":"2026-04-15T14:55:04+00:00","og_image":[{"width":1200,"height":627,"url":"https:\/\/tervene.com\/wp-content\/uploads\/2026\/04\/Featured-Image_Logiciel-OPEX-Tervene.png","type":"image\/png"}],"twitter_card":"summary_large_image","twitter_site":"@terveneapp","twitter_misc":{"Dur\u00e9e de lecture estim\u00e9e":"1 minute"},"schema":{"@context":"https:\/\/schema.org","@graph":null}},"_links":{"self":[{"href":"https:\/\/tervene.com\/fr-fr\/wp-json\/wp\/v2\/pages\/20636","targetHints":{"allow":["GET"]}}],"collection":[{"href":"https:\/\/tervene.com\/fr-fr\/wp-json\/wp\/v2\/pages"}],"about":[{"href":"https:\/\/tervene.com\/fr-fr\/wp-json\/wp\/v2\/types\/page"}],"author":[{"embeddable":true,"href":"https:\/\/tervene.com\/fr-fr\/wp-json\/wp\/v2\/users\/20"}],"replies":[{"embeddable":true,"href":"https:\/\/tervene.com\/fr-fr\/wp-json\/wp\/v2\/comments?post=20636"}],"version-history":[{"count":4,"href":"https:\/\/tervene.com\/fr-fr\/wp-json\/wp\/v2\/pages\/20636\/revisions"}],"predecessor-version":[{"id":21190,"href":"https:\/\/tervene.com\/fr-fr\/wp-json\/wp\/v2\/pages\/20636\/revisions\/21190"}],"up":[{"embeddable":true,"href":"https:\/\/tervene.com\/fr-fr\/wp-json\/wp\/v2\/pages\/5915"}],"wp:featuredmedia":[{"embeddable":true,"href":"https:\/\/tervene.com\/fr-fr\/wp-json\/wp\/v2\/media\/21187"}],"wp:attachment":[{"href":"https:\/\/tervene.com\/fr-fr\/wp-json\/wp\/v2\/media?parent=20636"}],"curies":[{"name":"wp","href":"https:\/\/api.w.org\/{rel}","templated":true}]}}