{"id":5953,"date":"2022-12-08T16:15:38","date_gmt":"2022-12-08T21:15:38","guid":{"rendered":"https:\/\/tervene.com\/industries\/pates-et-papiers\/"},"modified":"2024-02-20T10:41:55","modified_gmt":"2024-02-20T15:41:55","slug":"pates-et-papiers","status":"publish","type":"page","link":"https:\/\/tervene.com\/fr-fr\/industries\/pates-et-papiers\/","title":{"rendered":"P\u00e2tes et papiers"},"content":{"rendered":"","protected":false},"excerpt":{"rendered":"","protected":false},"author":10,"featured_media":5955,"parent":5925,"menu_order":0,"comment_status":"closed","ping_status":"closed","template":"industry.php","meta":{"_acf_changed":true,"content-type":"","footnotes":""},"class_list":["post-5953","page","type-page","status-publish","has-post-thumbnail","hentry"],"acf":[],"yoast_head":"<!-- This site is optimized with the Yoast SEO plugin v27.2 - https:\/\/yoast.com\/product\/yoast-seo-wordpress\/ -->\n<title>P\u00e2tes et papiers - Tervene<\/title>\n<meta name=\"description\" content=\"D\u00e9couvrez comment la plateforme de gestion quotidienne 4.0 Tervene supporte le quotidien des leaders de l&#039;industrie des p\u00e2tes et papiers.\" \/>\n<meta name=\"robots\" content=\"noindex, nofollow\" \/>\n<meta property=\"og:locale\" content=\"fr_FR\" \/>\n<meta property=\"og:type\" content=\"article\" \/>\n<meta property=\"og:title\" content=\"P\u00e2tes et papiers - Tervene\" \/>\n<meta property=\"og:description\" content=\"D\u00e9couvrez comment la plateforme de gestion quotidienne 4.0 Tervene supporte le quotidien des leaders de l&#039;industrie des p\u00e2tes et papiers.\" \/>\n<meta property=\"og:url\" content=\"https:\/\/tervene.com\/fr-fr\/industries\/pates-et-papiers\/\" \/>\n<meta property=\"og:site_name\" content=\"Tervene\" \/>\n<meta property=\"article:publisher\" content=\"https:\/\/www.facebook.com\/tervene\/\" \/>\n<meta property=\"article:modified_time\" content=\"2024-02-20T15:41:55+00:00\" \/>\n<meta property=\"og:image\" content=\"https:\/\/tervene.com\/wp-content\/uploads\/2022\/11\/Pulp_Paper-big-smo.png\" \/>\n\t<meta property=\"og:image:width\" content=\"1200\" \/>\n\t<meta property=\"og:image:height\" content=\"630\" \/>\n\t<meta property=\"og:image:type\" content=\"image\/png\" \/>\n<meta name=\"twitter:card\" content=\"summary_large_image\" \/>\n<meta name=\"twitter:site\" content=\"@terveneapp\" \/>\n<meta name=\"twitter:label1\" content=\"Dur\u00e9e de lecture estim\u00e9e\" \/>\n\t<meta name=\"twitter:data1\" content=\"1 minute\" \/>\n<script type=\"application\/ld+json\" class=\"yoast-schema-graph\">{\"@context\":\"https:\/\/schema.org\",\"@graph\":null}<\/script>\n<!-- \/ Yoast SEO plugin. -->","yoast_head_json":{"title":"P\u00e2tes et papiers - Tervene","description":"D\u00e9couvrez comment la plateforme de gestion quotidienne 4.0 Tervene supporte le quotidien des leaders de l'industrie des p\u00e2tes et papiers.","robots":{"index":"noindex","follow":"nofollow"},"og_locale":"fr_FR","og_type":"article","og_title":"P\u00e2tes et papiers - Tervene","og_description":"D\u00e9couvrez comment la plateforme de gestion quotidienne 4.0 Tervene supporte le quotidien des leaders de l'industrie des p\u00e2tes et papiers.","og_url":"https:\/\/tervene.com\/fr-fr\/industries\/pates-et-papiers\/","og_site_name":"Tervene","article_publisher":"https:\/\/www.facebook.com\/tervene\/","article_modified_time":"2024-02-20T15:41:55+00:00","og_image":[{"width":1200,"height":630,"url":"https:\/\/tervene.com\/wp-content\/uploads\/2022\/11\/Pulp_Paper-big-smo.png","type":"image\/png"}],"twitter_card":"summary_large_image","twitter_site":"@terveneapp","twitter_misc":{"Dur\u00e9e de lecture estim\u00e9e":"1 minute"},"schema":{"@context":"https:\/\/schema.org","@graph":null}},"_links":{"self":[{"href":"https:\/\/tervene.com\/fr-fr\/wp-json\/wp\/v2\/pages\/5953","targetHints":{"allow":["GET"]}}],"collection":[{"href":"https:\/\/tervene.com\/fr-fr\/wp-json\/wp\/v2\/pages"}],"about":[{"href":"https:\/\/tervene.com\/fr-fr\/wp-json\/wp\/v2\/types\/page"}],"author":[{"embeddable":true,"href":"https:\/\/tervene.com\/fr-fr\/wp-json\/wp\/v2\/users\/10"}],"replies":[{"embeddable":true,"href":"https:\/\/tervene.com\/fr-fr\/wp-json\/wp\/v2\/comments?post=5953"}],"version-history":[{"count":0,"href":"https:\/\/tervene.com\/fr-fr\/wp-json\/wp\/v2\/pages\/5953\/revisions"}],"up":[{"embeddable":true,"href":"https:\/\/tervene.com\/fr-fr\/wp-json\/wp\/v2\/pages\/5925"}],"wp:featuredmedia":[{"embeddable":true,"href":"https:\/\/tervene.com\/fr-fr\/wp-json\/wp\/v2\/media\/5955"}],"wp:attachment":[{"href":"https:\/\/tervene.com\/fr-fr\/wp-json\/wp\/v2\/media?parent=5953"}],"curies":[{"name":"wp","href":"https:\/\/api.w.org\/{rel}","templated":true}]}}