{"id":5956,"date":"2023-02-07T13:09:10","date_gmt":"2023-02-07T18:09:10","guid":{"rendered":"https:\/\/tervene.com\/industries\/plastique\/"},"modified":"2024-02-20T10:42:34","modified_gmt":"2024-02-20T15:42:34","slug":"plastique","status":"publish","type":"page","link":"https:\/\/tervene.com\/fr-fr\/industries\/plastique\/","title":{"rendered":"Plastique"},"content":{"rendered":"","protected":false},"excerpt":{"rendered":"","protected":false},"author":10,"featured_media":5920,"parent":5925,"menu_order":0,"comment_status":"closed","ping_status":"closed","template":"industry.php","meta":{"_acf_changed":true,"content-type":"","footnotes":""},"class_list":["post-5956","page","type-page","status-publish","has-post-thumbnail","hentry"],"acf":[],"yoast_head":"<!-- This site is optimized with the Yoast SEO plugin v27.2 - https:\/\/yoast.com\/product\/yoast-seo-wordpress\/ -->\n<title>Plastique - Tervene<\/title>\n<meta name=\"description\" content=\"Tervene permet aux manufacturiers d&#039;am\u00e9liorer la gestion quotidienne des op\u00e9rations, le contr\u00f4le qualit\u00e9 et la pr\u00e9vention en sant\u00e9-s\u00e9curit\u00e9.\" \/>\n<meta name=\"robots\" content=\"noindex, follow\" \/>\n<meta property=\"og:locale\" content=\"fr_FR\" \/>\n<meta property=\"og:type\" content=\"article\" \/>\n<meta property=\"og:title\" content=\"Plastique - Tervene\" \/>\n<meta property=\"og:description\" content=\"Tervene permet aux manufacturiers d&#039;am\u00e9liorer la gestion quotidienne des op\u00e9rations, le contr\u00f4le qualit\u00e9 et la pr\u00e9vention en sant\u00e9-s\u00e9curit\u00e9.\" \/>\n<meta property=\"og:url\" content=\"https:\/\/tervene.com\/industries\/plastic\/\" \/>\n<meta property=\"og:site_name\" content=\"Tervene\" \/>\n<meta property=\"article:publisher\" content=\"https:\/\/www.facebook.com\/tervene\/\" \/>\n<meta property=\"article:modified_time\" content=\"2024-02-20T15:42:34+00:00\" \/>\n<meta property=\"og:image\" content=\"https:\/\/tervene.com\/wp-content\/uploads\/2022\/11\/Plastic-big-smo.png\" \/>\n\t<meta property=\"og:image:width\" content=\"1200\" \/>\n\t<meta property=\"og:image:height\" content=\"630\" \/>\n\t<meta property=\"og:image:type\" content=\"image\/png\" \/>\n<meta name=\"twitter:card\" content=\"summary_large_image\" \/>\n<meta name=\"twitter:site\" content=\"@terveneapp\" \/>\n<meta name=\"twitter:label1\" content=\"Dur\u00e9e de lecture estim\u00e9e\" \/>\n\t<meta name=\"twitter:data1\" content=\"1 minute\" \/>\n<script type=\"application\/ld+json\" class=\"yoast-schema-graph\">{\"@context\":\"https:\/\/schema.org\",\"@graph\":null}<\/script>\n<!-- \/ Yoast SEO plugin. -->","yoast_head_json":{"title":"Plastique - Tervene","description":"Tervene permet aux manufacturiers d'am\u00e9liorer la gestion quotidienne des op\u00e9rations, le contr\u00f4le qualit\u00e9 et la pr\u00e9vention en sant\u00e9-s\u00e9curit\u00e9.","robots":{"index":"noindex","follow":"follow"},"og_locale":"fr_FR","og_type":"article","og_title":"Plastique - Tervene","og_description":"Tervene permet aux manufacturiers d'am\u00e9liorer la gestion quotidienne des op\u00e9rations, le contr\u00f4le qualit\u00e9 et la pr\u00e9vention en sant\u00e9-s\u00e9curit\u00e9.","og_url":"https:\/\/tervene.com\/industries\/plastic\/","og_site_name":"Tervene","article_publisher":"https:\/\/www.facebook.com\/tervene\/","article_modified_time":"2024-02-20T15:42:34+00:00","og_image":[{"width":1200,"height":630,"url":"https:\/\/tervene.com\/wp-content\/uploads\/2022\/11\/Plastic-big-smo.png","type":"image\/png"}],"twitter_card":"summary_large_image","twitter_site":"@terveneapp","twitter_misc":{"Dur\u00e9e de lecture estim\u00e9e":"1 minute"},"schema":{"@context":"https:\/\/schema.org","@graph":null}},"_links":{"self":[{"href":"https:\/\/tervene.com\/fr-fr\/wp-json\/wp\/v2\/pages\/5956","targetHints":{"allow":["GET"]}}],"collection":[{"href":"https:\/\/tervene.com\/fr-fr\/wp-json\/wp\/v2\/pages"}],"about":[{"href":"https:\/\/tervene.com\/fr-fr\/wp-json\/wp\/v2\/types\/page"}],"author":[{"embeddable":true,"href":"https:\/\/tervene.com\/fr-fr\/wp-json\/wp\/v2\/users\/10"}],"replies":[{"embeddable":true,"href":"https:\/\/tervene.com\/fr-fr\/wp-json\/wp\/v2\/comments?post=5956"}],"version-history":[{"count":0,"href":"https:\/\/tervene.com\/fr-fr\/wp-json\/wp\/v2\/pages\/5956\/revisions"}],"up":[{"embeddable":true,"href":"https:\/\/tervene.com\/fr-fr\/wp-json\/wp\/v2\/pages\/5925"}],"wp:featuredmedia":[{"embeddable":true,"href":"https:\/\/tervene.com\/fr-fr\/wp-json\/wp\/v2\/media\/5920"}],"wp:attachment":[{"href":"https:\/\/tervene.com\/fr-fr\/wp-json\/wp\/v2\/media?parent=5956"}],"curies":[{"name":"wp","href":"https:\/\/api.w.org\/{rel}","templated":true}]}}