{"id":5958,"date":"2022-11-28T09:16:09","date_gmt":"2022-11-28T14:16:09","guid":{"rendered":"https:\/\/tervene.com\/industries\/scieries-et-produits-forestiers\/"},"modified":"2024-02-20T10:43:07","modified_gmt":"2024-02-20T15:43:07","slug":"scieries-et-produits-forestiers","status":"publish","type":"page","link":"https:\/\/tervene.com\/fr-fr\/industries\/scieries-et-produits-forestiers\/","title":{"rendered":"Scieries et produits forestiers"},"content":{"rendered":"","protected":false},"excerpt":{"rendered":"","protected":false},"author":10,"featured_media":5960,"parent":5925,"menu_order":0,"comment_status":"closed","ping_status":"closed","template":"industry.php","meta":{"_acf_changed":true,"content-type":"","footnotes":""},"class_list":["post-5958","page","type-page","status-publish","has-post-thumbnail","hentry"],"acf":[],"yoast_head":"<!-- This site is optimized with the Yoast SEO plugin v27.2 - https:\/\/yoast.com\/product\/yoast-seo-wordpress\/ -->\n<title>Scieries et produits forestiers - Plateforme Tervene<\/title>\n<meta name=\"description\" content=\"La plateforme digitale qui vous permet d&#039;am\u00e9liorer la performance op\u00e9rationnelle, acc\u00e9l\u00e9rer la r\u00e9solution de probl\u00e8mes et r\u00e9duire la lourdeur administrative.\" \/>\n<meta name=\"robots\" content=\"noindex, follow\" \/>\n<meta property=\"og:locale\" content=\"fr_FR\" \/>\n<meta property=\"og:type\" content=\"article\" \/>\n<meta property=\"og:title\" content=\"Scieries et produits forestiers - Plateforme Tervene\" \/>\n<meta property=\"og:description\" content=\"La plateforme digitale qui vous permet d&#039;am\u00e9liorer la performance op\u00e9rationnelle, acc\u00e9l\u00e9rer la r\u00e9solution de probl\u00e8mes et r\u00e9duire la lourdeur administrative.\" \/>\n<meta property=\"og:url\" content=\"https:\/\/tervene.com\/industries\/mill-and-forest-products\/\" \/>\n<meta property=\"og:site_name\" content=\"Tervene\" \/>\n<meta property=\"article:publisher\" content=\"https:\/\/www.facebook.com\/tervene\/\" \/>\n<meta property=\"article:modified_time\" content=\"2024-02-20T15:43:07+00:00\" \/>\n<meta property=\"og:image\" content=\"https:\/\/tervene.com\/wp-content\/uploads\/2022\/11\/Sawmill-big-smo.png\" \/>\n\t<meta property=\"og:image:width\" content=\"1200\" \/>\n\t<meta property=\"og:image:height\" content=\"630\" \/>\n\t<meta property=\"og:image:type\" content=\"image\/png\" \/>\n<meta name=\"twitter:card\" content=\"summary_large_image\" \/>\n<meta name=\"twitter:site\" content=\"@terveneapp\" \/>\n<meta name=\"twitter:label1\" content=\"Dur\u00e9e de lecture estim\u00e9e\" \/>\n\t<meta name=\"twitter:data1\" content=\"1 minute\" \/>\n<script type=\"application\/ld+json\" class=\"yoast-schema-graph\">{\"@context\":\"https:\/\/schema.org\",\"@graph\":null}<\/script>\n<!-- \/ Yoast SEO plugin. -->","yoast_head_json":{"title":"Scieries et produits forestiers - Plateforme Tervene","description":"La plateforme digitale qui vous permet d'am\u00e9liorer la performance op\u00e9rationnelle, acc\u00e9l\u00e9rer la r\u00e9solution de probl\u00e8mes et r\u00e9duire la lourdeur administrative.","robots":{"index":"noindex","follow":"follow"},"og_locale":"fr_FR","og_type":"article","og_title":"Scieries et produits forestiers - Plateforme Tervene","og_description":"La plateforme digitale qui vous permet d'am\u00e9liorer la performance op\u00e9rationnelle, acc\u00e9l\u00e9rer la r\u00e9solution de probl\u00e8mes et r\u00e9duire la lourdeur administrative.","og_url":"https:\/\/tervene.com\/industries\/mill-and-forest-products\/","og_site_name":"Tervene","article_publisher":"https:\/\/www.facebook.com\/tervene\/","article_modified_time":"2024-02-20T15:43:07+00:00","og_image":[{"width":1200,"height":630,"url":"https:\/\/tervene.com\/wp-content\/uploads\/2022\/11\/Sawmill-big-smo.png","type":"image\/png"}],"twitter_card":"summary_large_image","twitter_site":"@terveneapp","twitter_misc":{"Dur\u00e9e de lecture estim\u00e9e":"1 minute"},"schema":{"@context":"https:\/\/schema.org","@graph":null}},"_links":{"self":[{"href":"https:\/\/tervene.com\/fr-fr\/wp-json\/wp\/v2\/pages\/5958","targetHints":{"allow":["GET"]}}],"collection":[{"href":"https:\/\/tervene.com\/fr-fr\/wp-json\/wp\/v2\/pages"}],"about":[{"href":"https:\/\/tervene.com\/fr-fr\/wp-json\/wp\/v2\/types\/page"}],"author":[{"embeddable":true,"href":"https:\/\/tervene.com\/fr-fr\/wp-json\/wp\/v2\/users\/10"}],"replies":[{"embeddable":true,"href":"https:\/\/tervene.com\/fr-fr\/wp-json\/wp\/v2\/comments?post=5958"}],"version-history":[{"count":0,"href":"https:\/\/tervene.com\/fr-fr\/wp-json\/wp\/v2\/pages\/5958\/revisions"}],"up":[{"embeddable":true,"href":"https:\/\/tervene.com\/fr-fr\/wp-json\/wp\/v2\/pages\/5925"}],"wp:featuredmedia":[{"embeddable":true,"href":"https:\/\/tervene.com\/fr-fr\/wp-json\/wp\/v2\/media\/5960"}],"wp:attachment":[{"href":"https:\/\/tervene.com\/fr-fr\/wp-json\/wp\/v2\/media?parent=5958"}],"curies":[{"name":"wp","href":"https:\/\/api.w.org\/{rel}","templated":true}]}}