{"id":6015,"date":"2023-02-24T14:57:23","date_gmt":"2023-02-24T19:57:23","guid":{"rendered":"https:\/\/tervene.com\/solution\/qualite-conformite\/"},"modified":"2025-03-20T17:11:12","modified_gmt":"2025-03-20T21:11:12","slug":"qualite-conformite","status":"publish","type":"page","link":"https:\/\/tervene.com\/fr-fr\/solution\/qualite-conformite\/","title":{"rendered":"Qualit\u00e9 et conformit\u00e9"},"content":{"rendered":"","protected":false},"excerpt":{"rendered":"","protected":false},"author":10,"featured_media":5933,"parent":5915,"menu_order":0,"comment_status":"closed","ping_status":"closed","template":"generic.php","meta":{"_acf_changed":false,"content-type":"","footnotes":""},"class_list":["post-6015","page","type-page","status-publish","has-post-thumbnail","hentry"],"acf":[],"yoast_head":"<!-- This site is optimized with the Yoast SEO plugin v27.3 - https:\/\/yoast.com\/product\/yoast-seo-wordpress\/ -->\n<title>Logiciel de contr\u00f4le qualit\u00e9 et de gestion de conformit\u00e9 - Tervene<\/title>\n<meta name=\"description\" content=\"Tervene est un logiciel qui digitalise votre contr\u00f4le qualit\u00e9 et renforce votre \u00e9valuation de la conformit\u00e9.\" \/>\n<meta name=\"robots\" content=\"index, follow, max-snippet:-1, max-image-preview:large, max-video-preview:-1\" \/>\n<link rel=\"canonical\" href=\"https:\/\/tervene.com\/fr-fr\/solution\/qualite-conformite\/\" \/>\n<meta property=\"og:locale\" content=\"fr_FR\" \/>\n<meta property=\"og:type\" content=\"article\" \/>\n<meta property=\"og:title\" content=\"Logiciel de contr\u00f4le qualit\u00e9 et de gestion de conformit\u00e9 - Tervene\" \/>\n<meta property=\"og:description\" content=\"Tervene est un logiciel qui digitalise votre contr\u00f4le qualit\u00e9 et renforce votre \u00e9valuation de la conformit\u00e9.\" \/>\n<meta property=\"og:url\" content=\"https:\/\/tervene.com\/fr-fr\/solution\/qualite-conformite\/\" \/>\n<meta property=\"og:site_name\" content=\"Tervene\" \/>\n<meta property=\"article:publisher\" content=\"https:\/\/www.facebook.com\/tervene\/\" \/>\n<meta property=\"article:modified_time\" content=\"2025-03-20T21:11:12+00:00\" \/>\n<meta property=\"og:image\" content=\"https:\/\/tervene.com\/wp-content\/uploads\/2022\/11\/Food_Beverage-smo.png\" \/>\n\t<meta property=\"og:image:width\" content=\"1200\" \/>\n\t<meta property=\"og:image:height\" content=\"630\" \/>\n\t<meta property=\"og:image:type\" content=\"image\/png\" \/>\n<meta name=\"twitter:card\" content=\"summary_large_image\" \/>\n<meta name=\"twitter:site\" content=\"@terveneapp\" \/>\n<meta name=\"twitter:label1\" content=\"Dur\u00e9e de lecture estim\u00e9e\" \/>\n\t<meta name=\"twitter:data1\" content=\"1 minute\" \/>\n<script type=\"application\/ld+json\" class=\"yoast-schema-graph\">{\"@context\":\"https:\\\/\\\/schema.org\",\"@graph\":null}<\/script>\n<!-- \/ Yoast SEO plugin. -->","yoast_head_json":{"title":"Logiciel de contr\u00f4le qualit\u00e9 et de gestion de conformit\u00e9 - Tervene","description":"Tervene est un logiciel qui digitalise votre contr\u00f4le qualit\u00e9 et renforce votre \u00e9valuation de la conformit\u00e9.","robots":{"index":"index","follow":"follow","max-snippet":"max-snippet:-1","max-image-preview":"max-image-preview:large","max-video-preview":"max-video-preview:-1"},"canonical":"https:\/\/tervene.com\/fr-fr\/solution\/qualite-conformite\/","og_locale":"fr_FR","og_type":"article","og_title":"Logiciel de contr\u00f4le qualit\u00e9 et de gestion de conformit\u00e9 - Tervene","og_description":"Tervene est un logiciel qui digitalise votre contr\u00f4le qualit\u00e9 et renforce votre \u00e9valuation de la conformit\u00e9.","og_url":"https:\/\/tervene.com\/fr-fr\/solution\/qualite-conformite\/","og_site_name":"Tervene","article_publisher":"https:\/\/www.facebook.com\/tervene\/","article_modified_time":"2025-03-20T21:11:12+00:00","og_image":[{"width":1200,"height":630,"url":"https:\/\/tervene.com\/wp-content\/uploads\/2022\/11\/Food_Beverage-smo.png","type":"image\/png"}],"twitter_card":"summary_large_image","twitter_site":"@terveneapp","twitter_misc":{"Dur\u00e9e de lecture estim\u00e9e":"1 minute"},"schema":{"@context":"https:\/\/schema.org","@graph":null}},"_links":{"self":[{"href":"https:\/\/tervene.com\/fr-fr\/wp-json\/wp\/v2\/pages\/6015","targetHints":{"allow":["GET"]}}],"collection":[{"href":"https:\/\/tervene.com\/fr-fr\/wp-json\/wp\/v2\/pages"}],"about":[{"href":"https:\/\/tervene.com\/fr-fr\/wp-json\/wp\/v2\/types\/page"}],"author":[{"embeddable":true,"href":"https:\/\/tervene.com\/fr-fr\/wp-json\/wp\/v2\/users\/10"}],"replies":[{"embeddable":true,"href":"https:\/\/tervene.com\/fr-fr\/wp-json\/wp\/v2\/comments?post=6015"}],"version-history":[{"count":0,"href":"https:\/\/tervene.com\/fr-fr\/wp-json\/wp\/v2\/pages\/6015\/revisions"}],"up":[{"embeddable":true,"href":"https:\/\/tervene.com\/fr-fr\/wp-json\/wp\/v2\/pages\/5915"}],"wp:featuredmedia":[{"embeddable":true,"href":"https:\/\/tervene.com\/fr-fr\/wp-json\/wp\/v2\/media\/5933"}],"wp:attachment":[{"href":"https:\/\/tervene.com\/fr-fr\/wp-json\/wp\/v2\/media?parent=6015"}],"curies":[{"name":"wp","href":"https:\/\/api.w.org\/{rel}","templated":true}]}}