{"id":6017,"date":"2023-03-17T15:18:35","date_gmt":"2023-03-17T19:18:35","guid":{"rendered":"https:\/\/tervene.com\/solution\/resolution-problemes-amelioration\/"},"modified":"2025-03-20T17:14:16","modified_gmt":"2025-03-20T21:14:16","slug":"resolution-problemes-amelioration","status":"publish","type":"page","link":"https:\/\/tervene.com\/fr-fr\/solution\/resolution-problemes-amelioration\/","title":{"rendered":"R\u00e9solution de probl\u00e8mes et am\u00e9lioration continue"},"content":{"rendered":"","protected":false},"excerpt":{"rendered":"","protected":false},"author":19,"featured_media":6012,"parent":5915,"menu_order":0,"comment_status":"closed","ping_status":"closed","template":"generic.php","meta":{"_acf_changed":false,"content-type":"","footnotes":""},"class_list":["post-6017","page","type-page","status-publish","has-post-thumbnail","hentry"],"acf":[],"yoast_head":"<!-- This site is optimized with the Yoast SEO plugin v27.2 - https:\/\/yoast.com\/product\/yoast-seo-wordpress\/ -->\n<title>R\u00e9solution de probl\u00e8mes et am\u00e9lioration continue - Tervene<\/title>\n<meta name=\"description\" content=\"Tervene est une solution innovante qui optimise la r\u00e9solution des probl\u00e8mes et soutient l&#039;am\u00e9lioration continue en entreprise.\" \/>\n<meta name=\"robots\" content=\"index, follow, max-snippet:-1, max-image-preview:large, max-video-preview:-1\" \/>\n<link rel=\"canonical\" href=\"https:\/\/tervene.com\/fr-fr\/solution\/resolution-problemes-amelioration\/\" \/>\n<meta property=\"og:locale\" content=\"fr_FR\" \/>\n<meta property=\"og:type\" content=\"article\" \/>\n<meta property=\"og:title\" content=\"R\u00e9solution de probl\u00e8mes et am\u00e9lioration continue - Tervene\" \/>\n<meta property=\"og:description\" content=\"Tervene est une solution innovante qui optimise la r\u00e9solution des probl\u00e8mes et soutient l&#039;am\u00e9lioration continue en entreprise.\" \/>\n<meta property=\"og:url\" content=\"https:\/\/tervene.com\/fr-fr\/solution\/resolution-problemes-amelioration\/\" \/>\n<meta property=\"og:site_name\" content=\"Tervene\" \/>\n<meta property=\"article:publisher\" content=\"https:\/\/www.facebook.com\/tervene\/\" \/>\n<meta property=\"article:modified_time\" content=\"2025-03-20T21:14:16+00:00\" \/>\n<meta property=\"og:image\" content=\"https:\/\/tervene.com\/wp-content\/uploads\/2019\/12\/tasks-manager.jpg\" \/>\n\t<meta property=\"og:image:width\" content=\"1200\" \/>\n\t<meta property=\"og:image:height\" content=\"628\" \/>\n\t<meta property=\"og:image:type\" content=\"image\/jpeg\" \/>\n<meta name=\"twitter:card\" content=\"summary_large_image\" \/>\n<meta name=\"twitter:site\" content=\"@terveneapp\" \/>\n<meta name=\"twitter:label1\" content=\"Dur\u00e9e de lecture estim\u00e9e\" \/>\n\t<meta name=\"twitter:data1\" content=\"1 minute\" \/>\n<script type=\"application\/ld+json\" class=\"yoast-schema-graph\">{\"@context\":\"https:\/\/schema.org\",\"@graph\":null}<\/script>\n<!-- \/ Yoast SEO plugin. -->","yoast_head_json":{"title":"R\u00e9solution de probl\u00e8mes et am\u00e9lioration continue - Tervene","description":"Tervene est une solution innovante qui optimise la r\u00e9solution des probl\u00e8mes et soutient l'am\u00e9lioration continue en entreprise.","robots":{"index":"index","follow":"follow","max-snippet":"max-snippet:-1","max-image-preview":"max-image-preview:large","max-video-preview":"max-video-preview:-1"},"canonical":"https:\/\/tervene.com\/fr-fr\/solution\/resolution-problemes-amelioration\/","og_locale":"fr_FR","og_type":"article","og_title":"R\u00e9solution de probl\u00e8mes et am\u00e9lioration continue - Tervene","og_description":"Tervene est une solution innovante qui optimise la r\u00e9solution des probl\u00e8mes et soutient l'am\u00e9lioration continue en entreprise.","og_url":"https:\/\/tervene.com\/fr-fr\/solution\/resolution-problemes-amelioration\/","og_site_name":"Tervene","article_publisher":"https:\/\/www.facebook.com\/tervene\/","article_modified_time":"2025-03-20T21:14:16+00:00","og_image":[{"width":1200,"height":628,"url":"https:\/\/tervene.com\/wp-content\/uploads\/2019\/12\/tasks-manager.jpg","type":"image\/jpeg"}],"twitter_card":"summary_large_image","twitter_site":"@terveneapp","twitter_misc":{"Dur\u00e9e de lecture estim\u00e9e":"1 minute"},"schema":{"@context":"https:\/\/schema.org","@graph":null}},"_links":{"self":[{"href":"https:\/\/tervene.com\/fr-fr\/wp-json\/wp\/v2\/pages\/6017","targetHints":{"allow":["GET"]}}],"collection":[{"href":"https:\/\/tervene.com\/fr-fr\/wp-json\/wp\/v2\/pages"}],"about":[{"href":"https:\/\/tervene.com\/fr-fr\/wp-json\/wp\/v2\/types\/page"}],"author":[{"embeddable":true,"href":"https:\/\/tervene.com\/fr-fr\/wp-json\/wp\/v2\/users\/19"}],"replies":[{"embeddable":true,"href":"https:\/\/tervene.com\/fr-fr\/wp-json\/wp\/v2\/comments?post=6017"}],"version-history":[{"count":0,"href":"https:\/\/tervene.com\/fr-fr\/wp-json\/wp\/v2\/pages\/6017\/revisions"}],"up":[{"embeddable":true,"href":"https:\/\/tervene.com\/fr-fr\/wp-json\/wp\/v2\/pages\/5915"}],"wp:featuredmedia":[{"embeddable":true,"href":"https:\/\/tervene.com\/fr-fr\/wp-json\/wp\/v2\/media\/6012"}],"wp:attachment":[{"href":"https:\/\/tervene.com\/fr-fr\/wp-json\/wp\/v2\/media?parent=6017"}],"curies":[{"name":"wp","href":"https:\/\/api.w.org\/{rel}","templated":true}]}}