{"id":6876,"date":"2024-03-13T16:26:35","date_gmt":"2024-03-13T20:26:35","guid":{"rendered":"https:\/\/tervene.com\/?page_id=6876"},"modified":"2025-09-12T16:05:27","modified_gmt":"2025-09-12T20:05:27","slug":"brochure-old","status":"publish","type":"page","link":"https:\/\/tervene.com\/fr-fr\/ressources\/brochure-old\/","title":{"rendered":"Brochure Tervene &#8211; Ressources-old"},"content":{"rendered":"","protected":false},"excerpt":{"rendered":"","protected":false},"author":10,"featured_media":11272,"parent":6861,"menu_order":0,"comment_status":"closed","ping_status":"closed","template":"generic.php","meta":{"_acf_changed":false,"content-type":"","footnotes":""},"class_list":["post-6876","page","type-page","status-publish","has-post-thumbnail","hentry"],"acf":[],"yoast_head":"<!-- This site is optimized with the Yoast SEO plugin v27.3 - https:\/\/yoast.com\/product\/yoast-seo-wordpress\/ -->\n<title>Intro \u00e0 Tervene [PDF]<\/title>\n<meta name=\"description\" content=\"T\u00e9l\u00e9chargez un aper\u00e7u concis de Tervene. D\u00e9couvrez pourquoi c\u2019est le logiciel pour la standardisation et le management de la performance.\" \/>\n<meta name=\"robots\" content=\"noindex, follow\" \/>\n<meta property=\"og:locale\" content=\"fr_FR\" \/>\n<meta property=\"og:type\" content=\"article\" \/>\n<meta property=\"og:title\" content=\"Intro \u00e0 Tervene [PDF]\" \/>\n<meta property=\"og:description\" content=\"T\u00e9l\u00e9chargez un aper\u00e7u concis de Tervene. D\u00e9couvrez pourquoi c\u2019est le logiciel pour la standardisation et le management de la performance.\" \/>\n<meta property=\"og:url\" content=\"https:\/\/tervene.com\/fr-fr\/ressources\/brochure-old\/\" \/>\n<meta property=\"og:site_name\" content=\"Tervene\" \/>\n<meta property=\"article:publisher\" content=\"https:\/\/www.facebook.com\/tervene\/\" \/>\n<meta property=\"article:modified_time\" content=\"2025-09-12T20:05:27+00:00\" \/>\n<meta property=\"og:image\" content=\"https:\/\/tervene.com\/wp-content\/uploads\/2024\/08\/Screenshot-2024-08-28-114140-1.png\" \/>\n\t<meta property=\"og:image:width\" content=\"1228\" \/>\n\t<meta property=\"og:image:height\" content=\"946\" \/>\n\t<meta property=\"og:image:type\" content=\"image\/png\" \/>\n<meta name=\"twitter:card\" content=\"summary_large_image\" \/>\n<meta name=\"twitter:site\" content=\"@terveneapp\" \/>\n<meta name=\"twitter:label1\" content=\"Dur\u00e9e de lecture estim\u00e9e\" \/>\n\t<meta name=\"twitter:data1\" content=\"1 minute\" \/>\n<script type=\"application\/ld+json\" class=\"yoast-schema-graph\">{\"@context\":\"https:\\\/\\\/schema.org\",\"@graph\":null}<\/script>\n<!-- \/ Yoast SEO plugin. -->","yoast_head_json":{"title":"Intro \u00e0 Tervene [PDF]","description":"T\u00e9l\u00e9chargez un aper\u00e7u concis de Tervene. D\u00e9couvrez pourquoi c\u2019est le logiciel pour la standardisation et le management de la performance.","robots":{"index":"noindex","follow":"follow"},"og_locale":"fr_FR","og_type":"article","og_title":"Intro \u00e0 Tervene [PDF]","og_description":"T\u00e9l\u00e9chargez un aper\u00e7u concis de Tervene. D\u00e9couvrez pourquoi c\u2019est le logiciel pour la standardisation et le management de la performance.","og_url":"https:\/\/tervene.com\/fr-fr\/ressources\/brochure-old\/","og_site_name":"Tervene","article_publisher":"https:\/\/www.facebook.com\/tervene\/","article_modified_time":"2025-09-12T20:05:27+00:00","og_image":[{"width":1228,"height":946,"url":"https:\/\/tervene.com\/wp-content\/uploads\/2024\/08\/Screenshot-2024-08-28-114140-1.png","type":"image\/png"}],"twitter_card":"summary_large_image","twitter_site":"@terveneapp","twitter_misc":{"Dur\u00e9e de lecture estim\u00e9e":"1 minute"},"schema":{"@context":"https:\/\/schema.org","@graph":null}},"_links":{"self":[{"href":"https:\/\/tervene.com\/fr-fr\/wp-json\/wp\/v2\/pages\/6876","targetHints":{"allow":["GET"]}}],"collection":[{"href":"https:\/\/tervene.com\/fr-fr\/wp-json\/wp\/v2\/pages"}],"about":[{"href":"https:\/\/tervene.com\/fr-fr\/wp-json\/wp\/v2\/types\/page"}],"author":[{"embeddable":true,"href":"https:\/\/tervene.com\/fr-fr\/wp-json\/wp\/v2\/users\/10"}],"replies":[{"embeddable":true,"href":"https:\/\/tervene.com\/fr-fr\/wp-json\/wp\/v2\/comments?post=6876"}],"version-history":[{"count":0,"href":"https:\/\/tervene.com\/fr-fr\/wp-json\/wp\/v2\/pages\/6876\/revisions"}],"up":[{"embeddable":true,"href":"https:\/\/tervene.com\/fr-fr\/wp-json\/wp\/v2\/pages\/6861"}],"wp:featuredmedia":[{"embeddable":true,"href":"https:\/\/tervene.com\/fr-fr\/wp-json\/wp\/v2\/media\/11272"}],"wp:attachment":[{"href":"https:\/\/tervene.com\/fr-fr\/wp-json\/wp\/v2\/media?parent=6876"}],"curies":[{"name":"wp","href":"https:\/\/api.w.org\/{rel}","templated":true}]}}