{"id":13027,"date":"2025-03-10T12:38:27","date_gmt":"2025-03-10T16:38:27","guid":{"rendered":"https:\/\/tervene.com\/?page_id=13027"},"modified":"2025-03-25T16:27:45","modified_gmt":"2025-03-25T20:27:45","slug":"systeme-de-gestion-quotidienne-numerique","status":"publish","type":"page","link":"https:\/\/tervene.com\/fr\/solution\/systeme-de-gestion-quotidienne-numerique\/","title":{"rendered":"Syst\u00e8me de gestion quotidienne DMS num\u00e9rique 2.0"},"content":{"rendered":"","protected":false},"excerpt":{"rendered":"","protected":false},"author":10,"featured_media":13737,"parent":4386,"menu_order":0,"comment_status":"closed","ping_status":"closed","template":"builder-evolved.php","meta":{"_acf_changed":false,"content-type":"","footnotes":""},"class_list":["post-13027","page","type-page","status-publish","has-post-thumbnail","hentry"],"acf":[],"yoast_head":"<!-- This site is optimized with the Yoast SEO plugin v27.2 - https:\/\/yoast.com\/product\/yoast-seo-wordpress\/ -->\n<title>Num\u00e9risez votre Syst\u00e8me de gestion quotidienne (DMS) | Tervene<\/title>\n<meta name=\"description\" content=\"Le logiciel Tervene soutient vos \u00e9quipes dans la gestion quotidienne de vos op\u00e9rations. Explorez les outils pour num\u00e9riser le Daily Management System (DMS).\" \/>\n<meta name=\"robots\" content=\"index, follow, max-snippet:-1, max-image-preview:large, max-video-preview:-1\" \/>\n<link rel=\"canonical\" href=\"https:\/\/tervene.com\/solution\/daily-management-system-dms-software\/\" \/>\n<meta property=\"og:locale\" content=\"fr_CA\" \/>\n<meta property=\"og:type\" content=\"article\" \/>\n<meta property=\"og:title\" content=\"Num\u00e9risez votre Syst\u00e8me de gestion quotidienne (DMS) | Tervene\" \/>\n<meta property=\"og:description\" content=\"Le logiciel Tervene soutient vos \u00e9quipes dans la gestion quotidienne de vos op\u00e9rations. Explorez les outils pour num\u00e9riser le Daily Management System (DMS).\" \/>\n<meta property=\"og:url\" content=\"https:\/\/tervene.com\/solution\/daily-management-system-dms-software\/\" \/>\n<meta property=\"og:site_name\" content=\"Tervene\" \/>\n<meta property=\"article:publisher\" content=\"https:\/\/www.facebook.com\/tervene\/\" \/>\n<meta property=\"article:modified_time\" content=\"2025-03-25T20:27:45+00:00\" \/>\n<meta property=\"og:image\" content=\"https:\/\/tervene.com\/wp-content\/uploads\/2025\/03\/Systeme-de-gestion-quotidienne-DMS-Daily-Management-System.png\" \/>\n\t<meta property=\"og:image:width\" content=\"1200\" \/>\n\t<meta property=\"og:image:height\" content=\"627\" \/>\n\t<meta property=\"og:image:type\" content=\"image\/png\" \/>\n<meta name=\"twitter:card\" content=\"summary_large_image\" \/>\n<meta name=\"twitter:site\" content=\"@terveneapp\" \/>\n<meta name=\"twitter:label1\" content=\"Est. reading time\" \/>\n\t<meta name=\"twitter:data1\" content=\"1 minute\" \/>\n<script type=\"application\/ld+json\" class=\"yoast-schema-graph\">{\"@context\":\"https:\/\/schema.org\",\"@graph\":null}<\/script>\n<!-- \/ Yoast SEO plugin. -->","yoast_head_json":{"title":"Num\u00e9risez votre Syst\u00e8me de gestion quotidienne (DMS) | Tervene","description":"Le logiciel Tervene soutient vos \u00e9quipes dans la gestion quotidienne de vos op\u00e9rations. Explorez les outils pour num\u00e9riser le Daily Management System (DMS).","robots":{"index":"index","follow":"follow","max-snippet":"max-snippet:-1","max-image-preview":"max-image-preview:large","max-video-preview":"max-video-preview:-1"},"canonical":"https:\/\/tervene.com\/solution\/daily-management-system-dms-software\/","og_locale":"fr_CA","og_type":"article","og_title":"Num\u00e9risez votre Syst\u00e8me de gestion quotidienne (DMS) | Tervene","og_description":"Le logiciel Tervene soutient vos \u00e9quipes dans la gestion quotidienne de vos op\u00e9rations. Explorez les outils pour num\u00e9riser le Daily Management System (DMS).","og_url":"https:\/\/tervene.com\/solution\/daily-management-system-dms-software\/","og_site_name":"Tervene","article_publisher":"https:\/\/www.facebook.com\/tervene\/","article_modified_time":"2025-03-25T20:27:45+00:00","og_image":[{"width":1200,"height":627,"url":"https:\/\/tervene.com\/wp-content\/uploads\/2025\/03\/Systeme-de-gestion-quotidienne-DMS-Daily-Management-System.png","type":"image\/png"}],"twitter_card":"summary_large_image","twitter_site":"@terveneapp","twitter_misc":{"Est. reading time":"1 minute"},"schema":{"@context":"https:\/\/schema.org","@graph":null}},"_links":{"self":[{"href":"https:\/\/tervene.com\/fr\/wp-json\/wp\/v2\/pages\/13027","targetHints":{"allow":["GET"]}}],"collection":[{"href":"https:\/\/tervene.com\/fr\/wp-json\/wp\/v2\/pages"}],"about":[{"href":"https:\/\/tervene.com\/fr\/wp-json\/wp\/v2\/types\/page"}],"author":[{"embeddable":true,"href":"https:\/\/tervene.com\/fr\/wp-json\/wp\/v2\/users\/10"}],"replies":[{"embeddable":true,"href":"https:\/\/tervene.com\/fr\/wp-json\/wp\/v2\/comments?post=13027"}],"version-history":[{"count":0,"href":"https:\/\/tervene.com\/fr\/wp-json\/wp\/v2\/pages\/13027\/revisions"}],"up":[{"embeddable":true,"href":"https:\/\/tervene.com\/fr\/wp-json\/wp\/v2\/pages\/4386"}],"wp:featuredmedia":[{"embeddable":true,"href":"https:\/\/tervene.com\/fr\/wp-json\/wp\/v2\/media\/13737"}],"wp:attachment":[{"href":"https:\/\/tervene.com\/fr\/wp-json\/wp\/v2\/media?parent=13027"}],"curies":[{"name":"wp","href":"https:\/\/api.w.org\/{rel}","templated":true}]}}