{"id":17474,"date":"2025-09-12T15:49:51","date_gmt":"2025-09-12T19:49:51","guid":{"rendered":"https:\/\/tervene.com\/?page_id=17474"},"modified":"2025-09-18T12:04:48","modified_gmt":"2025-09-18T16:04:48","slug":"brochure-tervene","status":"publish","type":"page","link":"https:\/\/tervene.com\/fr\/ressources\/brochure-tervene\/","title":{"rendered":"Brochure Tervene &#8211; Ressources"},"content":{"rendered":"","protected":false},"excerpt":{"rendered":"","protected":false},"author":22,"featured_media":17698,"parent":6860,"menu_order":0,"comment_status":"closed","ping_status":"closed","template":"builder-evolved.php","meta":{"_acf_changed":false,"content-type":"","footnotes":""},"class_list":["post-17474","page","type-page","status-publish","has-post-thumbnail","hentry"],"acf":[],"yoast_head":"<!-- This site is optimized with the Yoast SEO plugin v27.4 - https:\/\/yoast.com\/product\/yoast-seo-wordpress\/ -->\n<title>Intro \u00e0 Tervene [PDF]<\/title>\n<meta name=\"description\" content=\"T\u00e9l\u00e9chargez un aper\u00e7u concis de Tervene. D\u00e9couvrez pourquoi c\u2019est le logiciel pour la standardisation et le management de la performance.\" \/>\n<meta name=\"robots\" content=\"index, follow, max-snippet:-1, max-image-preview:large, max-video-preview:-1\" \/>\n<link rel=\"canonical\" href=\"https:\/\/tervene.com\/resources\/solution-overview-2\/\" \/>\n<meta property=\"og:locale\" content=\"fr_CA\" \/>\n<meta property=\"og:type\" content=\"article\" \/>\n<meta property=\"og:title\" content=\"Intro \u00e0 Tervene [PDF]\" \/>\n<meta property=\"og:description\" content=\"T\u00e9l\u00e9chargez un aper\u00e7u concis de Tervene. D\u00e9couvrez pourquoi c\u2019est le logiciel pour la standardisation et le management de la performance.\" \/>\n<meta property=\"og:url\" content=\"https:\/\/tervene.com\/resources\/solution-overview-2\/\" \/>\n<meta property=\"og:site_name\" content=\"Tervene\" \/>\n<meta property=\"article:publisher\" content=\"https:\/\/www.facebook.com\/tervene\/\" \/>\n<meta property=\"article:modified_time\" content=\"2025-09-18T16:04:48+00:00\" \/>\n<meta property=\"og:image\" content=\"https:\/\/tervene.com\/wp-content\/uploads\/2025\/09\/ebook-brochure-fr_ca-1x1-1.png\" \/>\n\t<meta property=\"og:image:width\" content=\"768\" \/>\n\t<meta property=\"og:image:height\" content=\"768\" \/>\n\t<meta property=\"og:image:type\" content=\"image\/png\" \/>\n<meta name=\"twitter:card\" content=\"summary_large_image\" \/>\n<meta name=\"twitter:site\" content=\"@terveneapp\" \/>\n<meta name=\"twitter:label1\" content=\"Est. reading time\" \/>\n\t<meta name=\"twitter:data1\" content=\"1 minute\" \/>\n<script type=\"application\/ld+json\" class=\"yoast-schema-graph\">{\"@context\":\"https:\\\/\\\/schema.org\",\"@graph\":null}<\/script>\n<!-- \/ Yoast SEO plugin. -->","yoast_head_json":{"title":"Intro \u00e0 Tervene [PDF]","description":"T\u00e9l\u00e9chargez un aper\u00e7u concis de Tervene. D\u00e9couvrez pourquoi c\u2019est le logiciel pour la standardisation et le management de la performance.","robots":{"index":"index","follow":"follow","max-snippet":"max-snippet:-1","max-image-preview":"max-image-preview:large","max-video-preview":"max-video-preview:-1"},"canonical":"https:\/\/tervene.com\/resources\/solution-overview-2\/","og_locale":"fr_CA","og_type":"article","og_title":"Intro \u00e0 Tervene [PDF]","og_description":"T\u00e9l\u00e9chargez un aper\u00e7u concis de Tervene. D\u00e9couvrez pourquoi c\u2019est le logiciel pour la standardisation et le management de la performance.","og_url":"https:\/\/tervene.com\/resources\/solution-overview-2\/","og_site_name":"Tervene","article_publisher":"https:\/\/www.facebook.com\/tervene\/","article_modified_time":"2025-09-18T16:04:48+00:00","og_image":[{"width":768,"height":768,"url":"https:\/\/tervene.com\/wp-content\/uploads\/2025\/09\/ebook-brochure-fr_ca-1x1-1.png","type":"image\/png"}],"twitter_card":"summary_large_image","twitter_site":"@terveneapp","twitter_misc":{"Est. reading time":"1 minute"},"schema":{"@context":"https:\/\/schema.org","@graph":null}},"_links":{"self":[{"href":"https:\/\/tervene.com\/fr\/wp-json\/wp\/v2\/pages\/17474","targetHints":{"allow":["GET"]}}],"collection":[{"href":"https:\/\/tervene.com\/fr\/wp-json\/wp\/v2\/pages"}],"about":[{"href":"https:\/\/tervene.com\/fr\/wp-json\/wp\/v2\/types\/page"}],"author":[{"embeddable":true,"href":"https:\/\/tervene.com\/fr\/wp-json\/wp\/v2\/users\/22"}],"replies":[{"embeddable":true,"href":"https:\/\/tervene.com\/fr\/wp-json\/wp\/v2\/comments?post=17474"}],"version-history":[{"count":0,"href":"https:\/\/tervene.com\/fr\/wp-json\/wp\/v2\/pages\/17474\/revisions"}],"up":[{"embeddable":true,"href":"https:\/\/tervene.com\/fr\/wp-json\/wp\/v2\/pages\/6860"}],"wp:featuredmedia":[{"embeddable":true,"href":"https:\/\/tervene.com\/fr\/wp-json\/wp\/v2\/media\/17698"}],"wp:attachment":[{"href":"https:\/\/tervene.com\/fr\/wp-json\/wp\/v2\/media?parent=17474"}],"curies":[{"name":"wp","href":"https:\/\/api.w.org\/{rel}","templated":true}]}}