{"id":17478,"date":"2025-09-12T15:52:54","date_gmt":"2025-09-12T19:52:54","guid":{"rendered":"https:\/\/tervene.com\/?page_id=17478"},"modified":"2025-09-18T11:59:31","modified_gmt":"2025-09-18T15:59:31","slug":"ebook-tournees-plancher","status":"publish","type":"page","link":"https:\/\/tervene.com\/fr\/ressources\/ebook-tournees-plancher\/","title":{"rendered":"Gemba Walk Implementation eBook &#8211; Ressources"},"content":{"rendered":"","protected":false},"excerpt":{"rendered":"","protected":false},"author":22,"featured_media":17716,"parent":6860,"menu_order":0,"comment_status":"closed","ping_status":"closed","template":"builder-evolved.php","meta":{"_acf_changed":false,"content-type":"","footnotes":""},"class_list":["post-17478","page","type-page","status-publish","has-post-thumbnail","hentry"],"acf":[],"yoast_head":"<!-- This site is optimized with the Yoast SEO plugin v27.3 - https:\/\/yoast.com\/product\/yoast-seo-wordpress\/ -->\n<title>Optimisez vos tourn\u00e9es de plancher avec notre guide [PDF]<\/title>\n<meta name=\"description\" content=\"On vous propose 12 \u00e9tapes concr\u00e8tes, des mod\u00e8les Excel et des checklists pour implanter et am\u00e9liorer vos tourn\u00e9es de plancher (Gemba walks).\" \/>\n<meta name=\"robots\" content=\"index, follow, max-snippet:-1, max-image-preview:large, max-video-preview:-1\" \/>\n<link rel=\"canonical\" href=\"https:\/\/tervene.com\/resources\/gemba-walk-implementation-ebook\/\" \/>\n<meta property=\"og:locale\" content=\"fr_CA\" \/>\n<meta property=\"og:type\" content=\"article\" \/>\n<meta property=\"og:title\" content=\"Optimisez vos tourn\u00e9es de plancher avec notre guide [PDF]\" \/>\n<meta property=\"og:description\" content=\"On vous propose 12 \u00e9tapes concr\u00e8tes, des mod\u00e8les Excel et des checklists pour implanter et am\u00e9liorer vos tourn\u00e9es de plancher (Gemba walks).\" \/>\n<meta property=\"og:url\" content=\"https:\/\/tervene.com\/resources\/gemba-walk-implementation-ebook\/\" \/>\n<meta property=\"og:site_name\" content=\"Tervene\" \/>\n<meta property=\"article:publisher\" content=\"https:\/\/www.facebook.com\/tervene\/\" \/>\n<meta property=\"article:modified_time\" content=\"2025-09-18T15:59:31+00:00\" \/>\n<meta property=\"og:image\" content=\"https:\/\/tervene.com\/wp-content\/uploads\/2025\/09\/ebook-gemba-fr_ca-1x1-1.png\" \/>\n\t<meta property=\"og:image:width\" content=\"768\" \/>\n\t<meta property=\"og:image:height\" content=\"768\" \/>\n\t<meta property=\"og:image:type\" content=\"image\/png\" \/>\n<meta name=\"twitter:card\" content=\"summary_large_image\" \/>\n<meta name=\"twitter:site\" content=\"@terveneapp\" \/>\n<meta name=\"twitter:label1\" content=\"Est. reading time\" \/>\n\t<meta name=\"twitter:data1\" content=\"1 minute\" \/>\n<script type=\"application\/ld+json\" class=\"yoast-schema-graph\">{\"@context\":\"https:\\\/\\\/schema.org\",\"@graph\":null}<\/script>\n<!-- \/ Yoast SEO plugin. -->","yoast_head_json":{"title":"Optimisez vos tourn\u00e9es de plancher avec notre guide [PDF]","description":"On vous propose 12 \u00e9tapes concr\u00e8tes, des mod\u00e8les Excel et des checklists pour implanter et am\u00e9liorer vos tourn\u00e9es de plancher (Gemba walks).","robots":{"index":"index","follow":"follow","max-snippet":"max-snippet:-1","max-image-preview":"max-image-preview:large","max-video-preview":"max-video-preview:-1"},"canonical":"https:\/\/tervene.com\/resources\/gemba-walk-implementation-ebook\/","og_locale":"fr_CA","og_type":"article","og_title":"Optimisez vos tourn\u00e9es de plancher avec notre guide [PDF]","og_description":"On vous propose 12 \u00e9tapes concr\u00e8tes, des mod\u00e8les Excel et des checklists pour implanter et am\u00e9liorer vos tourn\u00e9es de plancher (Gemba walks).","og_url":"https:\/\/tervene.com\/resources\/gemba-walk-implementation-ebook\/","og_site_name":"Tervene","article_publisher":"https:\/\/www.facebook.com\/tervene\/","article_modified_time":"2025-09-18T15:59:31+00:00","og_image":[{"width":768,"height":768,"url":"https:\/\/tervene.com\/wp-content\/uploads\/2025\/09\/ebook-gemba-fr_ca-1x1-1.png","type":"image\/png"}],"twitter_card":"summary_large_image","twitter_site":"@terveneapp","twitter_misc":{"Est. reading time":"1 minute"},"schema":{"@context":"https:\/\/schema.org","@graph":null}},"_links":{"self":[{"href":"https:\/\/tervene.com\/fr\/wp-json\/wp\/v2\/pages\/17478","targetHints":{"allow":["GET"]}}],"collection":[{"href":"https:\/\/tervene.com\/fr\/wp-json\/wp\/v2\/pages"}],"about":[{"href":"https:\/\/tervene.com\/fr\/wp-json\/wp\/v2\/types\/page"}],"author":[{"embeddable":true,"href":"https:\/\/tervene.com\/fr\/wp-json\/wp\/v2\/users\/22"}],"replies":[{"embeddable":true,"href":"https:\/\/tervene.com\/fr\/wp-json\/wp\/v2\/comments?post=17478"}],"version-history":[{"count":0,"href":"https:\/\/tervene.com\/fr\/wp-json\/wp\/v2\/pages\/17478\/revisions"}],"up":[{"embeddable":true,"href":"https:\/\/tervene.com\/fr\/wp-json\/wp\/v2\/pages\/6860"}],"wp:featuredmedia":[{"embeddable":true,"href":"https:\/\/tervene.com\/fr\/wp-json\/wp\/v2\/media\/17716"}],"wp:attachment":[{"href":"https:\/\/tervene.com\/fr\/wp-json\/wp\/v2\/media?parent=17478"}],"curies":[{"name":"wp","href":"https:\/\/api.w.org\/{rel}","templated":true}]}}