{"id":1856,"date":"2019-12-12T15:47:32","date_gmt":"2019-12-12T20:47:32","guid":{"rendered":"https:\/\/tervene.com\/knowledge-center\/"},"modified":"2024-02-29T15:28:47","modified_gmt":"2024-02-29T20:28:47","slug":"centre-de-connaissance","status":"publish","type":"page","link":"https:\/\/tervene.com\/fr\/solution\/centre-de-connaissance\/","title":{"rendered":"Centre de connaissance"},"content":{"rendered":"","protected":false},"excerpt":{"rendered":"","protected":false},"author":2,"featured_media":2162,"parent":4386,"menu_order":0,"comment_status":"closed","ping_status":"closed","template":"product-feature.php","meta":{"_acf_changed":true,"content-type":"","footnotes":""},"class_list":["post-1856","page","type-page","status-publish","has-post-thumbnail","hentry"],"acf":[],"yoast_head":"<!-- This site is optimized with the Yoast SEO plugin v27.4 - https:\/\/yoast.com\/product\/yoast-seo-wordpress\/ -->\n<title>Centre de connaissance connect\u00e9 - Tervene<\/title>\n<meta name=\"description\" content=\"Num\u00e9risez et rendez le savoir de votre organisation accessible, pertinent, \u00e0 jour et dynamique.\" \/>\n<meta name=\"robots\" content=\"noindex, follow\" \/>\n<meta property=\"og:locale\" content=\"fr_CA\" \/>\n<meta property=\"og:type\" content=\"article\" \/>\n<meta property=\"og:title\" content=\"Centre de connaissance connect\u00e9 - Tervene\" \/>\n<meta property=\"og:description\" content=\"Num\u00e9risez et rendez le savoir de votre organisation accessible, pertinent, \u00e0 jour et dynamique.\" \/>\n<meta property=\"og:url\" content=\"https:\/\/tervene.com\/solution\/connected-knowledge-management\/\" \/>\n<meta property=\"og:site_name\" content=\"Tervene\" \/>\n<meta property=\"article:publisher\" content=\"https:\/\/www.facebook.com\/tervene\/\" \/>\n<meta property=\"article:modified_time\" content=\"2024-02-29T20:28:47+00:00\" \/>\n<meta property=\"og:image\" content=\"https:\/\/tervene.com\/wp-content\/uploads\/2019\/12\/Knowledge-Center-Audit-inspection-1.jpg\" \/>\n\t<meta property=\"og:image:width\" content=\"1200\" \/>\n\t<meta property=\"og:image:height\" content=\"628\" \/>\n\t<meta property=\"og:image:type\" content=\"image\/jpeg\" \/>\n<meta name=\"twitter:card\" content=\"summary_large_image\" \/>\n<meta name=\"twitter:site\" content=\"@terveneapp\" \/>\n<meta name=\"twitter:label1\" content=\"Est. reading time\" \/>\n\t<meta name=\"twitter:data1\" content=\"1 minute\" \/>\n<script type=\"application\/ld+json\" class=\"yoast-schema-graph\">{\"@context\":\"https:\\\/\\\/schema.org\",\"@graph\":null}<\/script>\n<!-- \/ Yoast SEO plugin. -->","yoast_head_json":{"title":"Centre de connaissance connect\u00e9 - Tervene","description":"Num\u00e9risez et rendez le savoir de votre organisation accessible, pertinent, \u00e0 jour et dynamique.","robots":{"index":"noindex","follow":"follow"},"og_locale":"fr_CA","og_type":"article","og_title":"Centre de connaissance connect\u00e9 - Tervene","og_description":"Num\u00e9risez et rendez le savoir de votre organisation accessible, pertinent, \u00e0 jour et dynamique.","og_url":"https:\/\/tervene.com\/solution\/connected-knowledge-management\/","og_site_name":"Tervene","article_publisher":"https:\/\/www.facebook.com\/tervene\/","article_modified_time":"2024-02-29T20:28:47+00:00","og_image":[{"width":1200,"height":628,"url":"https:\/\/tervene.com\/wp-content\/uploads\/2019\/12\/Knowledge-Center-Audit-inspection-1.jpg","type":"image\/jpeg"}],"twitter_card":"summary_large_image","twitter_site":"@terveneapp","twitter_misc":{"Est. reading time":"1 minute"},"schema":{"@context":"https:\/\/schema.org","@graph":null}},"_links":{"self":[{"href":"https:\/\/tervene.com\/fr\/wp-json\/wp\/v2\/pages\/1856","targetHints":{"allow":["GET"]}}],"collection":[{"href":"https:\/\/tervene.com\/fr\/wp-json\/wp\/v2\/pages"}],"about":[{"href":"https:\/\/tervene.com\/fr\/wp-json\/wp\/v2\/types\/page"}],"author":[{"embeddable":true,"href":"https:\/\/tervene.com\/fr\/wp-json\/wp\/v2\/users\/2"}],"replies":[{"embeddable":true,"href":"https:\/\/tervene.com\/fr\/wp-json\/wp\/v2\/comments?post=1856"}],"version-history":[{"count":0,"href":"https:\/\/tervene.com\/fr\/wp-json\/wp\/v2\/pages\/1856\/revisions"}],"up":[{"embeddable":true,"href":"https:\/\/tervene.com\/fr\/wp-json\/wp\/v2\/pages\/4386"}],"wp:featuredmedia":[{"embeddable":true,"href":"https:\/\/tervene.com\/fr\/wp-json\/wp\/v2\/media\/2162"}],"wp:attachment":[{"href":"https:\/\/tervene.com\/fr\/wp-json\/wp\/v2\/media?parent=1856"}],"curies":[{"name":"wp","href":"https:\/\/api.w.org\/{rel}","templated":true}]}}