{"id":20220,"date":"2026-02-24T10:11:05","date_gmt":"2026-02-24T15:11:05","guid":{"rendered":"https:\/\/tervene.com\/?page_id=20220"},"modified":"2026-03-09T14:20:35","modified_gmt":"2026-03-09T18:20:35","slug":"logiciel-audit-5s-inspection-5s","status":"publish","type":"page","link":"https:\/\/tervene.com\/fr\/solution\/logiciel-audit-5s-inspection-5s\/","title":{"rendered":"Audits &amp; Inspections 5S 2.0 [FR-CA]"},"content":{"rendered":"","protected":false},"excerpt":{"rendered":"","protected":false},"author":20,"featured_media":20344,"parent":4386,"menu_order":0,"comment_status":"closed","ping_status":"closed","template":"builder-evolved.php","meta":{"_acf_changed":false,"content-type":"","footnotes":""},"class_list":["post-20220","page","type-page","status-publish","has-post-thumbnail","hentry"],"acf":[],"yoast_head":"<!-- This site is optimized with the Yoast SEO plugin v27.3 - https:\/\/yoast.com\/product\/yoast-seo-wordpress\/ -->\n<title>Num\u00e9risez les audits 5S et inspections 5S | Logiciel Tervene<\/title>\n<meta name=\"description\" content=\"Maintenez un environnement de travail organis\u00e9 et s\u00e9curitaire gr\u00e2ce au logiciel Tervene. Num\u00e9risez vos audits et inspections afin d\u2019assurer des processus 5S durables.\" \/>\n<meta name=\"robots\" content=\"index, follow, max-snippet:-1, max-image-preview:large, max-video-preview:-1\" \/>\n<link rel=\"canonical\" href=\"https:\/\/tervene.com\/fr\/solution\/logiciel-audit-5s-inspection-5s\/\" \/>\n<meta property=\"og:locale\" content=\"fr_CA\" \/>\n<meta property=\"og:type\" content=\"article\" \/>\n<meta property=\"og:title\" content=\"Num\u00e9risez les audits 5S et inspections 5S | Logiciel Tervene\" \/>\n<meta property=\"og:description\" content=\"Maintenez un environnement de travail organis\u00e9 et s\u00e9curitaire gr\u00e2ce au logiciel Tervene. Num\u00e9risez vos audits et inspections afin d\u2019assurer des processus 5S durables.\" \/>\n<meta property=\"og:url\" content=\"https:\/\/tervene.com\/fr\/solution\/logiciel-audit-5s-inspection-5s\/\" \/>\n<meta property=\"og:site_name\" content=\"Tervene\" \/>\n<meta property=\"article:publisher\" content=\"https:\/\/www.facebook.com\/tervene\/\" \/>\n<meta property=\"article:modified_time\" content=\"2026-03-09T18:20:35+00:00\" \/>\n<meta property=\"og:image\" content=\"https:\/\/tervene.com\/wp-content\/uploads\/2026\/02\/Featured-Image_Tervene-Inspection-5S-Digitale-1.png\" \/>\n\t<meta property=\"og:image:width\" content=\"1200\" \/>\n\t<meta property=\"og:image:height\" content=\"627\" \/>\n\t<meta property=\"og:image:type\" content=\"image\/png\" \/>\n<meta name=\"twitter:card\" content=\"summary_large_image\" \/>\n<meta name=\"twitter:site\" content=\"@terveneapp\" \/>\n<meta name=\"twitter:label1\" content=\"Est. reading time\" \/>\n\t<meta name=\"twitter:data1\" content=\"1 minute\" \/>\n<script type=\"application\/ld+json\" class=\"yoast-schema-graph\">{\"@context\":\"https:\\\/\\\/schema.org\",\"@graph\":null}<\/script>\n<!-- \/ Yoast SEO plugin. -->","yoast_head_json":{"title":"Num\u00e9risez les audits 5S et inspections 5S | Logiciel Tervene","description":"Maintenez un environnement de travail organis\u00e9 et s\u00e9curitaire gr\u00e2ce au logiciel Tervene. Num\u00e9risez vos audits et inspections afin d\u2019assurer des processus 5S durables.","robots":{"index":"index","follow":"follow","max-snippet":"max-snippet:-1","max-image-preview":"max-image-preview:large","max-video-preview":"max-video-preview:-1"},"canonical":"https:\/\/tervene.com\/fr\/solution\/logiciel-audit-5s-inspection-5s\/","og_locale":"fr_CA","og_type":"article","og_title":"Num\u00e9risez les audits 5S et inspections 5S | Logiciel Tervene","og_description":"Maintenez un environnement de travail organis\u00e9 et s\u00e9curitaire gr\u00e2ce au logiciel Tervene. Num\u00e9risez vos audits et inspections afin d\u2019assurer des processus 5S durables.","og_url":"https:\/\/tervene.com\/fr\/solution\/logiciel-audit-5s-inspection-5s\/","og_site_name":"Tervene","article_publisher":"https:\/\/www.facebook.com\/tervene\/","article_modified_time":"2026-03-09T18:20:35+00:00","og_image":[{"width":1200,"height":627,"url":"https:\/\/tervene.com\/wp-content\/uploads\/2026\/02\/Featured-Image_Tervene-Inspection-5S-Digitale-1.png","type":"image\/png"}],"twitter_card":"summary_large_image","twitter_site":"@terveneapp","twitter_misc":{"Est. reading time":"1 minute"},"schema":{"@context":"https:\/\/schema.org","@graph":null}},"_links":{"self":[{"href":"https:\/\/tervene.com\/fr\/wp-json\/wp\/v2\/pages\/20220","targetHints":{"allow":["GET"]}}],"collection":[{"href":"https:\/\/tervene.com\/fr\/wp-json\/wp\/v2\/pages"}],"about":[{"href":"https:\/\/tervene.com\/fr\/wp-json\/wp\/v2\/types\/page"}],"author":[{"embeddable":true,"href":"https:\/\/tervene.com\/fr\/wp-json\/wp\/v2\/users\/20"}],"replies":[{"embeddable":true,"href":"https:\/\/tervene.com\/fr\/wp-json\/wp\/v2\/comments?post=20220"}],"version-history":[{"count":4,"href":"https:\/\/tervene.com\/fr\/wp-json\/wp\/v2\/pages\/20220\/revisions"}],"predecessor-version":[{"id":20632,"href":"https:\/\/tervene.com\/fr\/wp-json\/wp\/v2\/pages\/20220\/revisions\/20632"}],"up":[{"embeddable":true,"href":"https:\/\/tervene.com\/fr\/wp-json\/wp\/v2\/pages\/4386"}],"wp:featuredmedia":[{"embeddable":true,"href":"https:\/\/tervene.com\/fr\/wp-json\/wp\/v2\/media\/20344"}],"wp:attachment":[{"href":"https:\/\/tervene.com\/fr\/wp-json\/wp\/v2\/media?parent=20220"}],"curies":[{"name":"wp","href":"https:\/\/api.w.org\/{rel}","templated":true}]}}