{"id":21258,"date":"2026-04-21T10:32:09","date_gmt":"2026-04-21T14:32:09","guid":{"rendered":"https:\/\/tervene.com\/?page_id=21258"},"modified":"2026-04-21T10:32:10","modified_gmt":"2026-04-21T14:32:10","slug":"logiciel-audits-inspections","status":"publish","type":"page","link":"https:\/\/tervene.com\/fr\/solution\/logiciel-audits-inspections\/","title":{"rendered":"Audit et Inspection  2.0 [FR-CA]"},"content":{"rendered":"","protected":false},"excerpt":{"rendered":"","protected":false},"author":20,"featured_media":21275,"parent":4386,"menu_order":0,"comment_status":"closed","ping_status":"closed","template":"builder-evolved.php","meta":{"_acf_changed":false,"content-type":"","footnotes":""},"class_list":["post-21258","page","type-page","status-publish","has-post-thumbnail","hentry"],"acf":[],"yoast_head":"<!-- This site is optimized with the Yoast SEO plugin v27.4 - https:\/\/yoast.com\/product\/yoast-seo-wordpress\/ -->\n<title>Num\u00e9risez les audits et inspections des \u00e9quipes | Logiciel Tervene<\/title>\n<meta name=\"description\" content=\"Tervene aide les \u00e9quipes industrielles \u00e0 r\u00e9aliser leurs audits et inspections, \u00e0 identifier les non-conformit\u00e9s et \u00e0 suivre les actions correctives.\" \/>\n<meta name=\"robots\" content=\"index, follow, max-snippet:-1, max-image-preview:large, max-video-preview:-1\" \/>\n<link rel=\"canonical\" href=\"https:\/\/tervene.com\/fr\/solution\/logiciel-audits-inspections\/\" \/>\n<meta property=\"og:locale\" content=\"fr_CA\" \/>\n<meta property=\"og:type\" content=\"article\" \/>\n<meta property=\"og:title\" content=\"Num\u00e9risez les audits et inspections des \u00e9quipes | Logiciel Tervene\" \/>\n<meta property=\"og:description\" content=\"Tervene aide les \u00e9quipes industrielles \u00e0 r\u00e9aliser leurs audits et inspections, \u00e0 identifier les non-conformit\u00e9s et \u00e0 suivre les actions correctives.\" \/>\n<meta property=\"og:url\" content=\"https:\/\/tervene.com\/fr\/solution\/logiciel-audits-inspections\/\" \/>\n<meta property=\"og:site_name\" content=\"Tervene\" \/>\n<meta property=\"article:publisher\" content=\"https:\/\/www.facebook.com\/tervene\/\" \/>\n<meta property=\"article:modified_time\" content=\"2026-04-21T14:32:10+00:00\" \/>\n<meta property=\"og:image\" content=\"https:\/\/tervene.com\/wp-content\/uploads\/2026\/04\/Featured_Image_Tervene_Inspection-SST-numerique.png\" \/>\n\t<meta property=\"og:image:width\" content=\"1200\" \/>\n\t<meta property=\"og:image:height\" content=\"627\" \/>\n\t<meta property=\"og:image:type\" content=\"image\/png\" \/>\n<meta name=\"twitter:card\" content=\"summary_large_image\" \/>\n<meta name=\"twitter:site\" content=\"@terveneapp\" \/>\n<meta name=\"twitter:label1\" content=\"Est. reading time\" \/>\n\t<meta name=\"twitter:data1\" content=\"1 minute\" \/>\n<script type=\"application\/ld+json\" class=\"yoast-schema-graph\">{\"@context\":\"https:\\\/\\\/schema.org\",\"@graph\":null}<\/script>\n<!-- \/ Yoast SEO plugin. -->","yoast_head_json":{"title":"Num\u00e9risez les audits et inspections des \u00e9quipes | Logiciel Tervene","description":"Tervene aide les \u00e9quipes industrielles \u00e0 r\u00e9aliser leurs audits et inspections, \u00e0 identifier les non-conformit\u00e9s et \u00e0 suivre les actions correctives.","robots":{"index":"index","follow":"follow","max-snippet":"max-snippet:-1","max-image-preview":"max-image-preview:large","max-video-preview":"max-video-preview:-1"},"canonical":"https:\/\/tervene.com\/fr\/solution\/logiciel-audits-inspections\/","og_locale":"fr_CA","og_type":"article","og_title":"Num\u00e9risez les audits et inspections des \u00e9quipes | Logiciel Tervene","og_description":"Tervene aide les \u00e9quipes industrielles \u00e0 r\u00e9aliser leurs audits et inspections, \u00e0 identifier les non-conformit\u00e9s et \u00e0 suivre les actions correctives.","og_url":"https:\/\/tervene.com\/fr\/solution\/logiciel-audits-inspections\/","og_site_name":"Tervene","article_publisher":"https:\/\/www.facebook.com\/tervene\/","article_modified_time":"2026-04-21T14:32:10+00:00","og_image":[{"width":1200,"height":627,"url":"https:\/\/tervene.com\/wp-content\/uploads\/2026\/04\/Featured_Image_Tervene_Inspection-SST-numerique.png","type":"image\/png"}],"twitter_card":"summary_large_image","twitter_site":"@terveneapp","twitter_misc":{"Est. reading time":"1 minute"},"schema":{"@context":"https:\/\/schema.org","@graph":null}},"_links":{"self":[{"href":"https:\/\/tervene.com\/fr\/wp-json\/wp\/v2\/pages\/21258","targetHints":{"allow":["GET"]}}],"collection":[{"href":"https:\/\/tervene.com\/fr\/wp-json\/wp\/v2\/pages"}],"about":[{"href":"https:\/\/tervene.com\/fr\/wp-json\/wp\/v2\/types\/page"}],"author":[{"embeddable":true,"href":"https:\/\/tervene.com\/fr\/wp-json\/wp\/v2\/users\/20"}],"replies":[{"embeddable":true,"href":"https:\/\/tervene.com\/fr\/wp-json\/wp\/v2\/comments?post=21258"}],"version-history":[{"count":5,"href":"https:\/\/tervene.com\/fr\/wp-json\/wp\/v2\/pages\/21258\/revisions"}],"predecessor-version":[{"id":21290,"href":"https:\/\/tervene.com\/fr\/wp-json\/wp\/v2\/pages\/21258\/revisions\/21290"}],"up":[{"embeddable":true,"href":"https:\/\/tervene.com\/fr\/wp-json\/wp\/v2\/pages\/4386"}],"wp:featuredmedia":[{"embeddable":true,"href":"https:\/\/tervene.com\/fr\/wp-json\/wp\/v2\/media\/21275"}],"wp:attachment":[{"href":"https:\/\/tervene.com\/fr\/wp-json\/wp\/v2\/media?parent=21258"}],"curies":[{"name":"wp","href":"https:\/\/api.w.org\/{rel}","templated":true}]}}