{"id":3995,"date":"2022-11-25T07:44:26","date_gmt":"2022-11-25T12:44:26","guid":{"rendered":"https:\/\/tervene.com\/?page_id=3995"},"modified":"2024-04-23T09:31:58","modified_gmt":"2024-04-23T13:31:58","slug":"sante-chsld-ciusss","status":"publish","type":"page","link":"https:\/\/tervene.com\/fr\/industries\/sante-chsld-ciusss\/","title":{"rendered":"\u00c9tablissement de soins, CHSLD et CIUSSS"},"content":{"rendered":"","protected":false},"excerpt":{"rendered":"","protected":false},"author":10,"featured_media":3889,"parent":3819,"menu_order":0,"comment_status":"closed","ping_status":"closed","template":"industry.php","meta":{"_acf_changed":false,"content-type":"","footnotes":""},"class_list":["post-3995","page","type-page","status-publish","has-post-thumbnail","hentry"],"acf":[],"yoast_head":"<!-- This site is optimized with the Yoast SEO plugin v27.2 - https:\/\/yoast.com\/product\/yoast-seo-wordpress\/ -->\n<title>Audits, inspections et gestion en milieu hospitalier, CHSLD et CIUSSS<\/title>\n<meta name=\"description\" content=\"Les \u00e9tablissements de sant\u00e9 supportent leur \u00e9valuation PCI, l&#039;am\u00e9lioration de la qualit\u00e9, les audits et les inspections, les inspections de maintenance la gestion de plans d&#039;action avec Tervene\" \/>\n<meta name=\"robots\" content=\"index, follow, max-snippet:-1, max-image-preview:large, max-video-preview:-1\" \/>\n<link rel=\"canonical\" href=\"https:\/\/tervene.com\/fr\/industries\/sante-chsld-ciusss\/\" \/>\n<meta property=\"og:locale\" content=\"fr_CA\" \/>\n<meta property=\"og:type\" content=\"article\" \/>\n<meta property=\"og:title\" content=\"Audits, inspections et gestion en milieu hospitalier, CHSLD et CIUSSS\" \/>\n<meta property=\"og:description\" content=\"Les \u00e9tablissements de sant\u00e9 supportent leur \u00e9valuation PCI, l&#039;am\u00e9lioration de la qualit\u00e9, les audits et les inspections, les inspections de maintenance la gestion de plans d&#039;action avec Tervene\" \/>\n<meta property=\"og:url\" content=\"https:\/\/tervene.com\/fr\/industries\/sante-chsld-ciusss\/\" \/>\n<meta property=\"og:site_name\" content=\"Tervene\" \/>\n<meta property=\"article:publisher\" content=\"https:\/\/www.facebook.com\/tervene\/\" \/>\n<meta property=\"article:modified_time\" content=\"2024-04-23T13:31:58+00:00\" \/>\n<meta property=\"og:image\" content=\"https:\/\/tervene.com\/wp-content\/uploads\/2022\/11\/Healthcare-smo.png\" \/>\n\t<meta property=\"og:image:width\" content=\"1200\" \/>\n\t<meta property=\"og:image:height\" content=\"630\" \/>\n\t<meta property=\"og:image:type\" content=\"image\/png\" \/>\n<meta name=\"twitter:card\" content=\"summary_large_image\" \/>\n<meta name=\"twitter:site\" content=\"@terveneapp\" \/>\n<meta name=\"twitter:label1\" content=\"Est. reading time\" \/>\n\t<meta name=\"twitter:data1\" content=\"1 minute\" \/>\n<script type=\"application\/ld+json\" class=\"yoast-schema-graph\">{\"@context\":\"https:\/\/schema.org\",\"@graph\":null}<\/script>\n<!-- \/ Yoast SEO plugin. -->","yoast_head_json":{"title":"Audits, inspections et gestion en milieu hospitalier, CHSLD et CIUSSS","description":"Les \u00e9tablissements de sant\u00e9 supportent leur \u00e9valuation PCI, l'am\u00e9lioration de la qualit\u00e9, les audits et les inspections, les inspections de maintenance la gestion de plans d'action avec Tervene","robots":{"index":"index","follow":"follow","max-snippet":"max-snippet:-1","max-image-preview":"max-image-preview:large","max-video-preview":"max-video-preview:-1"},"canonical":"https:\/\/tervene.com\/fr\/industries\/sante-chsld-ciusss\/","og_locale":"fr_CA","og_type":"article","og_title":"Audits, inspections et gestion en milieu hospitalier, CHSLD et CIUSSS","og_description":"Les \u00e9tablissements de sant\u00e9 supportent leur \u00e9valuation PCI, l'am\u00e9lioration de la qualit\u00e9, les audits et les inspections, les inspections de maintenance la gestion de plans d'action avec Tervene","og_url":"https:\/\/tervene.com\/fr\/industries\/sante-chsld-ciusss\/","og_site_name":"Tervene","article_publisher":"https:\/\/www.facebook.com\/tervene\/","article_modified_time":"2024-04-23T13:31:58+00:00","og_image":[{"width":1200,"height":630,"url":"https:\/\/tervene.com\/wp-content\/uploads\/2022\/11\/Healthcare-smo.png","type":"image\/png"}],"twitter_card":"summary_large_image","twitter_site":"@terveneapp","twitter_misc":{"Est. reading time":"1 minute"},"schema":{"@context":"https:\/\/schema.org","@graph":null}},"_links":{"self":[{"href":"https:\/\/tervene.com\/fr\/wp-json\/wp\/v2\/pages\/3995","targetHints":{"allow":["GET"]}}],"collection":[{"href":"https:\/\/tervene.com\/fr\/wp-json\/wp\/v2\/pages"}],"about":[{"href":"https:\/\/tervene.com\/fr\/wp-json\/wp\/v2\/types\/page"}],"author":[{"embeddable":true,"href":"https:\/\/tervene.com\/fr\/wp-json\/wp\/v2\/users\/10"}],"replies":[{"embeddable":true,"href":"https:\/\/tervene.com\/fr\/wp-json\/wp\/v2\/comments?post=3995"}],"version-history":[{"count":0,"href":"https:\/\/tervene.com\/fr\/wp-json\/wp\/v2\/pages\/3995\/revisions"}],"up":[{"embeddable":true,"href":"https:\/\/tervene.com\/fr\/wp-json\/wp\/v2\/pages\/3819"}],"wp:featuredmedia":[{"embeddable":true,"href":"https:\/\/tervene.com\/fr\/wp-json\/wp\/v2\/media\/3889"}],"wp:attachment":[{"href":"https:\/\/tervene.com\/fr\/wp-json\/wp\/v2\/media?parent=3995"}],"curies":[{"name":"wp","href":"https:\/\/api.w.org\/{rel}","templated":true}]}}