{"id":4523,"date":"2023-03-09T09:31:44","date_gmt":"2023-03-09T14:31:44","guid":{"rendered":"https:\/\/tervene.com\/?page_id=4523"},"modified":"2025-03-20T17:23:30","modified_gmt":"2025-03-20T21:23:30","slug":"gestion-sante-securite-travail","status":"publish","type":"page","link":"https:\/\/tervene.com\/fr\/solution\/gestion-sante-securite-travail\/","title":{"rendered":"Gestion de la sant\u00e9 et s\u00e9curit\u00e9 SST"},"content":{"rendered":"","protected":false},"excerpt":{"rendered":"","protected":false},"author":10,"featured_media":3468,"parent":4386,"menu_order":0,"comment_status":"closed","ping_status":"closed","template":"generic.php","meta":{"_acf_changed":false,"content-type":"","footnotes":""},"class_list":["post-4523","page","type-page","status-publish","has-post-thumbnail","hentry"],"acf":[],"yoast_head":"<!-- This site is optimized with the Yoast SEO plugin v27.2 - https:\/\/yoast.com\/product\/yoast-seo-wordpress\/ -->\n<title>Syst\u00e8me de gestion de la sant\u00e9 et s\u00e9curit\u00e9 SST - Tervene<\/title>\n<meta name=\"description\" content=\"Assurez un environnement de travail s\u00e9curitaire, r\u00e9duisez les risques et renforcez le programme de pr\u00e9vention sur le terrain avec Tervene.\" \/>\n<meta name=\"robots\" content=\"index, follow, max-snippet:-1, max-image-preview:large, max-video-preview:-1\" \/>\n<link rel=\"canonical\" href=\"https:\/\/tervene.com\/solution\/health-safety-management\/\" \/>\n<meta property=\"og:locale\" content=\"fr_CA\" \/>\n<meta property=\"og:type\" content=\"article\" \/>\n<meta property=\"og:title\" content=\"Syst\u00e8me de gestion de la sant\u00e9 et s\u00e9curit\u00e9 SST - Tervene\" \/>\n<meta property=\"og:description\" content=\"Assurez un environnement de travail s\u00e9curitaire, r\u00e9duisez les risques et renforcez le programme de pr\u00e9vention sur le terrain avec Tervene.\" \/>\n<meta property=\"og:url\" content=\"https:\/\/tervene.com\/solution\/health-safety-management\/\" \/>\n<meta property=\"og:site_name\" content=\"Tervene\" \/>\n<meta property=\"article:publisher\" content=\"https:\/\/www.facebook.com\/tervene\/\" \/>\n<meta property=\"article:modified_time\" content=\"2025-03-20T21:23:30+00:00\" \/>\n<meta property=\"og:image\" content=\"https:\/\/tervene.com\/wp-content\/uploads\/2021\/09\/GettyImages-1014151516-1.png\" \/>\n\t<meta property=\"og:image:width\" content=\"2121\" \/>\n\t<meta property=\"og:image:height\" content=\"1414\" \/>\n\t<meta property=\"og:image:type\" content=\"image\/jpeg\" \/>\n<meta name=\"twitter:card\" content=\"summary_large_image\" \/>\n<meta name=\"twitter:site\" content=\"@terveneapp\" \/>\n<meta name=\"twitter:label1\" content=\"Est. reading time\" \/>\n\t<meta name=\"twitter:data1\" content=\"1 minute\" \/>\n<script type=\"application\/ld+json\" class=\"yoast-schema-graph\">{\"@context\":\"https:\/\/schema.org\",\"@graph\":null}<\/script>\n<!-- \/ Yoast SEO plugin. -->","yoast_head_json":{"title":"Syst\u00e8me de gestion de la sant\u00e9 et s\u00e9curit\u00e9 SST - Tervene","description":"Assurez un environnement de travail s\u00e9curitaire, r\u00e9duisez les risques et renforcez le programme de pr\u00e9vention sur le terrain avec Tervene.","robots":{"index":"index","follow":"follow","max-snippet":"max-snippet:-1","max-image-preview":"max-image-preview:large","max-video-preview":"max-video-preview:-1"},"canonical":"https:\/\/tervene.com\/solution\/health-safety-management\/","og_locale":"fr_CA","og_type":"article","og_title":"Syst\u00e8me de gestion de la sant\u00e9 et s\u00e9curit\u00e9 SST - Tervene","og_description":"Assurez un environnement de travail s\u00e9curitaire, r\u00e9duisez les risques et renforcez le programme de pr\u00e9vention sur le terrain avec Tervene.","og_url":"https:\/\/tervene.com\/solution\/health-safety-management\/","og_site_name":"Tervene","article_publisher":"https:\/\/www.facebook.com\/tervene\/","article_modified_time":"2025-03-20T21:23:30+00:00","og_image":[{"width":2121,"height":1414,"url":"https:\/\/tervene.com\/wp-content\/uploads\/2021\/09\/GettyImages-1014151516-1.png","type":"image\/jpeg"}],"twitter_card":"summary_large_image","twitter_site":"@terveneapp","twitter_misc":{"Est. reading time":"1 minute"},"schema":{"@context":"https:\/\/schema.org","@graph":null}},"_links":{"self":[{"href":"https:\/\/tervene.com\/fr\/wp-json\/wp\/v2\/pages\/4523","targetHints":{"allow":["GET"]}}],"collection":[{"href":"https:\/\/tervene.com\/fr\/wp-json\/wp\/v2\/pages"}],"about":[{"href":"https:\/\/tervene.com\/fr\/wp-json\/wp\/v2\/types\/page"}],"author":[{"embeddable":true,"href":"https:\/\/tervene.com\/fr\/wp-json\/wp\/v2\/users\/10"}],"replies":[{"embeddable":true,"href":"https:\/\/tervene.com\/fr\/wp-json\/wp\/v2\/comments?post=4523"}],"version-history":[{"count":0,"href":"https:\/\/tervene.com\/fr\/wp-json\/wp\/v2\/pages\/4523\/revisions"}],"up":[{"embeddable":true,"href":"https:\/\/tervene.com\/fr\/wp-json\/wp\/v2\/pages\/4386"}],"wp:featuredmedia":[{"embeddable":true,"href":"https:\/\/tervene.com\/fr\/wp-json\/wp\/v2\/media\/3468"}],"wp:attachment":[{"href":"https:\/\/tervene.com\/fr\/wp-json\/wp\/v2\/media?parent=4523"}],"curies":[{"name":"wp","href":"https:\/\/api.w.org\/{rel}","templated":true}]}}