{"id":6773,"date":"2024-03-13T06:57:35","date_gmt":"2024-03-13T10:57:35","guid":{"rendered":"https:\/\/tervene.com\/?page_id=6773"},"modified":"2025-03-24T12:28:43","modified_gmt":"2025-03-24T16:28:43","slug":"demo","status":"publish","type":"page","link":"https:\/\/tervene.com\/fr\/demo\/","title":{"rendered":"Voyez Tervene en action &#8211; Commencez ici (v3)"},"content":{"rendered":"","protected":false},"excerpt":{"rendered":"","protected":false},"author":17,"featured_media":0,"parent":0,"menu_order":0,"comment_status":"closed","ping_status":"closed","template":"demo.php","meta":{"_acf_changed":false,"content-type":"","footnotes":""},"class_list":["post-6773","page","type-page","status-publish","hentry"],"acf":[],"yoast_head":"<!-- This site is optimized with the Yoast SEO plugin v27.3 - https:\/\/yoast.com\/product\/yoast-seo-wordpress\/ -->\n<title>Voyez Tervene en action - Commencez ici (v3) - Tervene<\/title>\n<meta name=\"description\" content=\"R\u00e9server une d\u00e9mo avec nous, c&#039;est facile! Notre \u00e9quipe est pr\u00eate \u00e0 vous contacter rapidement!\" \/>\n<meta name=\"robots\" content=\"index, follow, max-snippet:-1, max-image-preview:large, max-video-preview:-1\" \/>\n<link rel=\"canonical\" href=\"https:\/\/tervene.com\/fr\/demo\/\" \/>\n<meta property=\"og:locale\" content=\"fr_CA\" \/>\n<meta property=\"og:type\" content=\"article\" \/>\n<meta property=\"og:title\" content=\"Voyez Tervene en action - Commencez ici (v3) - Tervene\" \/>\n<meta property=\"og:description\" content=\"R\u00e9server une d\u00e9mo avec nous, c&#039;est facile! Notre \u00e9quipe est pr\u00eate \u00e0 vous contacter rapidement!\" \/>\n<meta property=\"og:url\" content=\"https:\/\/tervene.com\/fr\/demo\/\" \/>\n<meta property=\"og:site_name\" content=\"Tervene\" \/>\n<meta property=\"article:publisher\" content=\"https:\/\/www.facebook.com\/tervene\/\" \/>\n<meta property=\"article:modified_time\" content=\"2025-03-24T16:28:43+00:00\" \/>\n<meta property=\"og:image\" content=\"https:\/\/tervene.com\/wp-content\/uploads\/2019\/12\/service.jpg\" \/>\n\t<meta property=\"og:image:width\" content=\"1200\" \/>\n\t<meta property=\"og:image:height\" content=\"628\" \/>\n\t<meta property=\"og:image:type\" content=\"image\/jpeg\" \/>\n<meta name=\"twitter:card\" content=\"summary_large_image\" \/>\n<meta name=\"twitter:site\" content=\"@terveneapp\" \/>\n<script type=\"application\/ld+json\" class=\"yoast-schema-graph\">{\"@context\":\"https:\\\/\\\/schema.org\",\"@graph\":null}<\/script>\n<!-- \/ Yoast SEO plugin. -->","yoast_head_json":{"title":"Voyez Tervene en action - Commencez ici (v3) - Tervene","description":"R\u00e9server une d\u00e9mo avec nous, c'est facile! Notre \u00e9quipe est pr\u00eate \u00e0 vous contacter rapidement!","robots":{"index":"index","follow":"follow","max-snippet":"max-snippet:-1","max-image-preview":"max-image-preview:large","max-video-preview":"max-video-preview:-1"},"canonical":"https:\/\/tervene.com\/fr\/demo\/","og_locale":"fr_CA","og_type":"article","og_title":"Voyez Tervene en action - Commencez ici (v3) - Tervene","og_description":"R\u00e9server une d\u00e9mo avec nous, c'est facile! Notre \u00e9quipe est pr\u00eate \u00e0 vous contacter rapidement!","og_url":"https:\/\/tervene.com\/fr\/demo\/","og_site_name":"Tervene","article_publisher":"https:\/\/www.facebook.com\/tervene\/","article_modified_time":"2025-03-24T16:28:43+00:00","og_image":[{"width":1200,"height":628,"url":"https:\/\/tervene.com\/wp-content\/uploads\/2019\/12\/service.jpg","type":"image\/jpeg"}],"twitter_card":"summary_large_image","twitter_site":"@terveneapp","schema":{"@context":"https:\/\/schema.org","@graph":null}},"_links":{"self":[{"href":"https:\/\/tervene.com\/fr\/wp-json\/wp\/v2\/pages\/6773","targetHints":{"allow":["GET"]}}],"collection":[{"href":"https:\/\/tervene.com\/fr\/wp-json\/wp\/v2\/pages"}],"about":[{"href":"https:\/\/tervene.com\/fr\/wp-json\/wp\/v2\/types\/page"}],"author":[{"embeddable":true,"href":"https:\/\/tervene.com\/fr\/wp-json\/wp\/v2\/users\/17"}],"replies":[{"embeddable":true,"href":"https:\/\/tervene.com\/fr\/wp-json\/wp\/v2\/comments?post=6773"}],"version-history":[{"count":0,"href":"https:\/\/tervene.com\/fr\/wp-json\/wp\/v2\/pages\/6773\/revisions"}],"wp:attachment":[{"href":"https:\/\/tervene.com\/fr\/wp-json\/wp\/v2\/media?parent=6773"}],"curies":[{"name":"wp","href":"https:\/\/api.w.org\/{rel}","templated":true}]}}