{"id":9045,"date":"2024-06-27T11:18:05","date_gmt":"2024-06-27T15:18:05","guid":{"rendered":"https:\/\/tervene.com\/?page_id=9045"},"modified":"2024-07-12T15:29:23","modified_gmt":"2024-07-12T19:29:23","slug":"webinaire-gestion-quotidienne","status":"publish","type":"page","link":"https:\/\/tervene.com\/fr\/ressources\/webinaire-gestion-quotidienne\/","title":{"rendered":"Webinaire MQQ sur demande &#8211; Standardiser l&#8217;agenda du superviseur et la gestion quotidienne"},"content":{"rendered":"","protected":false},"excerpt":{"rendered":"","protected":false},"author":12,"featured_media":10548,"parent":6860,"menu_order":0,"comment_status":"closed","ping_status":"closed","template":"generic.php","meta":{"_acf_changed":false,"content-type":"","footnotes":""},"class_list":["post-9045","page","type-page","status-publish","has-post-thumbnail","hentry"],"acf":[],"yoast_head":"<!-- This site is optimized with the Yoast SEO plugin v27.4 - https:\/\/yoast.com\/product\/yoast-seo-wordpress\/ -->\n<title>Webinaire sur demande - Gestion quotidienne des op\u00e9rations<\/title>\n<meta name=\"description\" content=\"Visionnez le webinaire de Tervene: \u00ab Standardiser l&#039;agenda du superviseur et la gestion quotidienne des op\u00e9rations \u00bb en collaboration avec le Mouvement Qu\u00e9b\u00e9cois de la Qualit\u00e9 (MQQ).\" \/>\n<meta name=\"robots\" content=\"index, follow, max-snippet:-1, max-image-preview:large, max-video-preview:-1\" \/>\n<link rel=\"canonical\" href=\"https:\/\/tervene.com\/fr\/ressources\/webinaire-gestion-quotidienne\/\" \/>\n<meta property=\"og:locale\" content=\"fr_CA\" \/>\n<meta property=\"og:type\" content=\"article\" \/>\n<meta property=\"og:title\" content=\"Webinaire sur demande - Gestion quotidienne des op\u00e9rations\" \/>\n<meta property=\"og:description\" content=\"Visionnez le webinaire de Tervene: \u00ab Standardiser l&#039;agenda du superviseur et la gestion quotidienne des op\u00e9rations \u00bb en collaboration avec le Mouvement Qu\u00e9b\u00e9cois de la Qualit\u00e9 (MQQ).\" \/>\n<meta property=\"og:url\" content=\"https:\/\/tervene.com\/fr\/ressources\/webinaire-gestion-quotidienne\/\" \/>\n<meta property=\"og:site_name\" content=\"Tervene\" \/>\n<meta property=\"article:publisher\" content=\"https:\/\/www.facebook.com\/tervene\/\" \/>\n<meta property=\"article:modified_time\" content=\"2024-07-12T19:29:23+00:00\" \/>\n<meta property=\"og:image\" content=\"https:\/\/tervene.com\/wp-content\/uploads\/2024\/06\/Standardiser-lagenda-du-superviseur-et-la-gestion-quotidienne-des-operations.png\" \/>\n\t<meta property=\"og:image:width\" content=\"1200\" \/>\n\t<meta property=\"og:image:height\" content=\"627\" \/>\n\t<meta property=\"og:image:type\" content=\"image\/png\" \/>\n<meta name=\"twitter:card\" content=\"summary_large_image\" \/>\n<meta name=\"twitter:site\" content=\"@terveneapp\" \/>\n<meta name=\"twitter:label1\" content=\"Est. reading time\" \/>\n\t<meta name=\"twitter:data1\" content=\"1 minute\" \/>\n<script type=\"application\/ld+json\" class=\"yoast-schema-graph\">{\"@context\":\"https:\\\/\\\/schema.org\",\"@graph\":null}<\/script>\n<!-- \/ Yoast SEO plugin. -->","yoast_head_json":{"title":"Webinaire sur demande - Gestion quotidienne des op\u00e9rations","description":"Visionnez le webinaire de Tervene: \u00ab Standardiser l'agenda du superviseur et la gestion quotidienne des op\u00e9rations \u00bb en collaboration avec le Mouvement Qu\u00e9b\u00e9cois de la Qualit\u00e9 (MQQ).","robots":{"index":"index","follow":"follow","max-snippet":"max-snippet:-1","max-image-preview":"max-image-preview:large","max-video-preview":"max-video-preview:-1"},"canonical":"https:\/\/tervene.com\/fr\/ressources\/webinaire-gestion-quotidienne\/","og_locale":"fr_CA","og_type":"article","og_title":"Webinaire sur demande - Gestion quotidienne des op\u00e9rations","og_description":"Visionnez le webinaire de Tervene: \u00ab Standardiser l'agenda du superviseur et la gestion quotidienne des op\u00e9rations \u00bb en collaboration avec le Mouvement Qu\u00e9b\u00e9cois de la Qualit\u00e9 (MQQ).","og_url":"https:\/\/tervene.com\/fr\/ressources\/webinaire-gestion-quotidienne\/","og_site_name":"Tervene","article_publisher":"https:\/\/www.facebook.com\/tervene\/","article_modified_time":"2024-07-12T19:29:23+00:00","og_image":[{"width":1200,"height":627,"url":"https:\/\/tervene.com\/wp-content\/uploads\/2024\/06\/Standardiser-lagenda-du-superviseur-et-la-gestion-quotidienne-des-operations.png","type":"image\/png"}],"twitter_card":"summary_large_image","twitter_site":"@terveneapp","twitter_misc":{"Est. reading time":"1 minute"},"schema":{"@context":"https:\/\/schema.org","@graph":null}},"_links":{"self":[{"href":"https:\/\/tervene.com\/fr\/wp-json\/wp\/v2\/pages\/9045","targetHints":{"allow":["GET"]}}],"collection":[{"href":"https:\/\/tervene.com\/fr\/wp-json\/wp\/v2\/pages"}],"about":[{"href":"https:\/\/tervene.com\/fr\/wp-json\/wp\/v2\/types\/page"}],"author":[{"embeddable":true,"href":"https:\/\/tervene.com\/fr\/wp-json\/wp\/v2\/users\/12"}],"replies":[{"embeddable":true,"href":"https:\/\/tervene.com\/fr\/wp-json\/wp\/v2\/comments?post=9045"}],"version-history":[{"count":0,"href":"https:\/\/tervene.com\/fr\/wp-json\/wp\/v2\/pages\/9045\/revisions"}],"up":[{"embeddable":true,"href":"https:\/\/tervene.com\/fr\/wp-json\/wp\/v2\/pages\/6860"}],"wp:featuredmedia":[{"embeddable":true,"href":"https:\/\/tervene.com\/fr\/wp-json\/wp\/v2\/media\/10548"}],"wp:attachment":[{"href":"https:\/\/tervene.com\/fr\/wp-json\/wp\/v2\/media?parent=9045"}],"curies":[{"name":"wp","href":"https:\/\/api.w.org\/{rel}","templated":true}]}}